{"id":49,"date":"2024-09-09T16:34:25","date_gmt":"2024-09-09T16:34:25","guid":{"rendered":"https:\/\/xolodesignestudio.com\/my-account\/"},"modified":"2024-10-17T08:29:43","modified_gmt":"2024-10-17T14:29:43","slug":"my-account","status":"publish","type":"page","link":"https:\/\/xolodesignestudio.com\/en\/my-account\/","title":{"rendered":"My account"},"content":{"rendered":"<div data-elementor-type=\"wp-page\" data-elementor-id=\"49\" class=\"elementor elementor-49\" data-elementor-post-type=\"page\">\n\t\t\t\t<div class=\"elementor-element elementor-element-684af59 e-flex e-con-boxed e-con e-parent\" data-id=\"684af59\" data-element_type=\"container\">\n\t\t\t\t\t<div class=\"e-con-inner\">\n\t\t<div class=\"elementor-element elementor-element-4e682c3 e-con-full e-flex e-con e-child\" data-id=\"4e682c3\" data-element_type=\"container\">\n\t\t\t\t<div class=\"elementor-element elementor-element-70e5562 e-my-account-tabs-horizontal elementor-widget elementor-widget-woocommerce-my-account\" data-id=\"70e5562\" data-element_type=\"widget\" data-settings=\"{&quot;tables_button_hover_animation&quot;:&quot;shrink&quot;}\" data-widget_type=\"woocommerce-my-account.default\">\n\t\t\t\t<div class=\"elementor-widget-container\">\n\t\t\t\t\t<div class=\"e-my-account-tab e-my-account-tab__\">\t\t\t<div class=\"woocommerce\"><\/div>\t\t<\/div>\n\t\t\t\t\t\t<\/div>\n\t\t\t\t<\/div>\n\t\t\t\t<\/div>\n\t\t\t\t\t<\/div>\n\t\t\t\t<\/div>\n\t\t\t\t<\/div>","protected":false},"excerpt":{"rendered":"<p>Mi Cuenta Mis Datos Mis Datos Direcciones Direcciones Pedidos Pedidos Cerrar Sesi\u00f3n Cerrar Sesi\u00f3n Mis Datos Mis Datos Direcciones Direcciones Pedidos Pedidos Cerrar Sesi\u00f3n Cerrar Sesi\u00f3n Dashboard Orders Downloads Addresses Account Details Logout Dashboard Orders Downloads Addresses Account Details Logout Hello loustaunau@gmail.com (not loustaunau@gmail.com? Log out) From your account dashboard you can view your recent [&hellip;]<\/p>","protected":false},"author":1,"featured_media":0,"parent":0,"menu_order":0,"comment_status":"closed","ping_status":"closed","template":"","meta":{"footnotes":""},"class_list":["post-49","page","type-page","status-publish","hentry"],"_links":{"self":[{"href":"https:\/\/xolodesignestudio.com\/en\/wp-json\/wp\/v2\/pages\/49","targetHints":{"allow":["GET"]}}],"collection":[{"href":"https:\/\/xolodesignestudio.com\/en\/wp-json\/wp\/v2\/pages"}],"about":[{"href":"https:\/\/xolodesignestudio.com\/en\/wp-json\/wp\/v2\/types\/page"}],"author":[{"embeddable":true,"href":"https:\/\/xolodesignestudio.com\/en\/wp-json\/wp\/v2\/users\/1"}],"replies":[{"embeddable":true,"href":"https:\/\/xolodesignestudio.com\/en\/wp-json\/wp\/v2\/comments?post=49"}],"version-history":[{"count":141,"href":"https:\/\/xolodesignestudio.com\/en\/wp-json\/wp\/v2\/pages\/49\/revisions"}],"predecessor-version":[{"id":2275,"href":"https:\/\/xolodesignestudio.com\/en\/wp-json\/wp\/v2\/pages\/49\/revisions\/2275"}],"wp:attachment":[{"href":"https:\/\/xolodesignestudio.com\/en\/wp-json\/wp\/v2\/media?parent=49"}],"curies":[{"name":"wp","href":"https:\/\/api.w.org\/{rel}","templated":true}]}}