{"id":610,"date":"2024-09-25T17:02:05","date_gmt":"2024-09-25T17:02:05","guid":{"rendered":"https:\/\/xolodesignestudio.com\/?page_id=610"},"modified":"2024-10-16T08:33:34","modified_gmt":"2024-10-16T14:33:34","slug":"nosotros","status":"publish","type":"page","link":"https:\/\/xolodesignestudio.com\/en\/nosotros\/","title":{"rendered":"Us"},"content":{"rendered":"<div data-elementor-type=\"wp-page\" data-elementor-id=\"610\" class=\"elementor elementor-610\" data-elementor-post-type=\"page\">\n\t\t\t\t<div class=\"elementor-element elementor-element-1ceee6e e-con-full e-flex e-con e-parent\" data-id=\"1ceee6e\" data-element_type=\"container\" data-settings=\"{&quot;background_background&quot;:&quot;gradient&quot;}\">\n\t\t<div class=\"elementor-element elementor-element-42f56f3 e-con-full e-flex elementor-invisible e-con e-child\" data-id=\"42f56f3\" data-element_type=\"container\" data-settings=\"{&quot;animation&quot;:&quot;fadeInUp&quot;}\">\n\t\t\t\t<div class=\"elementor-element elementor-element-f9ff414 elementor-widget elementor-widget-heading\" data-id=\"f9ff414\" data-element_type=\"widget\" data-widget_type=\"heading.default\">\n\t\t\t\t<div class=\"elementor-widget-container\">\n\t\t\t\t\t<h1 class=\"elementor-heading-title elementor-size-default\">About Us\n<\/h1>\t\t\t\t<\/div>\n\t\t\t\t<\/div>\n\t\t\t\t<div class=\"elementor-element elementor-element-2503b73 elementor-widget elementor-widget-text-editor\" data-id=\"2503b73\" data-element_type=\"widget\" data-widget_type=\"text-editor.default\">\n\t\t\t\t<div class=\"elementor-widget-container\">\n\t\t\t\t\t\t\t\t\t<p>At Xolo Design Studio, we firmly believe in loyalty to our clients. Our mission is to offer quality in each of our designs, creating a strategy that fosters synergy between the client and the supplier. We specialize in the adaptation and customization of furniture, because each client is special and unique to us.<\/p><p>We bring together our highest range of designs to give a distinctive touch to each project. We focus on meticulously taking care of the materials, finishes, colors and textures, ensuring that each project reflects the personalized characteristics you desire. Your space will become the place with meaning and essence that you have always imagined, all thanks to the trust you place in us.<\/p><p>Our focus is on five fundamental pillars: comfort, function, design, quality and price. Each of these elements is strategic and integrated into the DNA of each project we undertake. We deeply value the trust you place in us to create a space that will be a treasure for you and your loved ones.<\/p><p>We share our values \u200b\u200bof service, punctuality, respect and creativity in every corner of your home. As a customer, you have the final say, and we are here to assist you every step of the way.<\/p>\t\t\t\t\t\t\t\t<\/div>\n\t\t\t\t<\/div>\n\t\t\t\t<\/div>\n\t\t\t\t<div class=\"elementor-element elementor-element-88e68ca elementor-widget__width-initial elementor-widget-tablet__width-inherit elementor-invisible elementor-widget elementor-widget-image\" data-id=\"88e68ca\" data-element_type=\"widget\" data-settings=\"{&quot;_animation&quot;:&quot;fadeInUp&quot;,&quot;_animation_delay&quot;:250}\" data-widget_type=\"image.default\">\n\t\t\t\t<div class=\"elementor-widget-container\">\n\t\t\t\t\t\t\t\t\t\t\t\t\t\t\t<img fetchpriority=\"high\" decoding=\"async\" width=\"800\" height=\"534\" src=\"https:\/\/xolodesignestudio.com\/wp-content\/uploads\/2024\/10\/EHV9148-1024x683.jpg\" class=\"attachment-large size-large wp-image-1856\" alt=\"\" srcset=\"https:\/\/xolodesignestudio.com\/wp-content\/uploads\/2024\/10\/EHV9148-1024x683.jpg 1024w, https:\/\/xolodesignestudio.com\/wp-content\/uploads\/2024\/10\/EHV9148-300x200.jpg 300w, https:\/\/xolodesignestudio.com\/wp-content\/uploads\/2024\/10\/EHV9148-768x512.jpg 768w, https:\/\/xolodesignestudio.com\/wp-content\/uploads\/2024\/10\/EHV9148-18x12.jpg 18w, https:\/\/xolodesignestudio.com\/wp-content\/uploads\/2024\/10\/EHV9148-600x400.jpg 600w, https:\/\/xolodesignestudio.com\/wp-content\/uploads\/2024\/10\/EHV9148.jpg 1161w\" sizes=\"(max-width: 800px) 100vw, 800px\" \/>\t\t\t\t\t\t\t\t\t\t\t\t\t\t\t<\/div>\n\t\t\t\t<\/div>\n\t\t\t\t<\/div>\n\t\t<div class=\"elementor-element elementor-element-83a8520 e-con-full e-flex e-con e-parent\" data-id=\"83a8520\" data-element_type=\"container\" data-settings=\"{&quot;background_background&quot;:&quot;classic&quot;}\">\n\t\t\t\t<div class=\"elementor-element elementor-element-f8083cb elementor-widget-divider--view-line elementor-widget elementor-widget-divider\" data-id=\"f8083cb\" data-element_type=\"widget\" data-widget_type=\"divider.default\">\n\t\t\t\t<div class=\"elementor-widget-container\">\n\t\t\t\t\t\t\t<div class=\"elementor-divider\">\n\t\t\t<span class=\"elementor-divider-separator\">\n\t\t\t\t\t\t<\/span>\n\t\t<\/div>\n\t\t\t\t\t\t<\/div>\n\t\t\t\t<\/div>\n\t\t\t\t<\/div>\n\t\t<div class=\"elementor-element elementor-element-8a6e638 e-con-full e-flex e-con e-parent\" data-id=\"8a6e638\" data-element_type=\"container\" data-settings=\"{&quot;background_background&quot;:&quot;classic&quot;}\">\n\t\t\t\t<div class=\"elementor-element elementor-element-809d6d9 elementor-widget__width-initial elementor-widget-tablet__width-inherit elementor-invisible elementor-widget elementor-widget-image\" data-id=\"809d6d9\" data-element_type=\"widget\" data-settings=\"{&quot;_animation&quot;:&quot;fadeInUp&quot;,&quot;_animation_delay&quot;:250}\" data-widget_type=\"image.default\">\n\t\t\t\t<div class=\"elementor-widget-container\">\n\t\t\t\t\t\t\t\t\t\t\t\t\t\t\t<img decoding=\"async\" width=\"800\" height=\"534\" src=\"https:\/\/xolodesignestudio.com\/wp-content\/uploads\/2024\/10\/EHV9166-1024x683.jpg\" class=\"attachment-large size-large wp-image-1862\" alt=\"\" srcset=\"https:\/\/xolodesignestudio.com\/wp-content\/uploads\/2024\/10\/EHV9166-1024x683.jpg 1024w, https:\/\/xolodesignestudio.com\/wp-content\/uploads\/2024\/10\/EHV9166-300x200.jpg 300w, https:\/\/xolodesignestudio.com\/wp-content\/uploads\/2024\/10\/EHV9166-768x512.jpg 768w, https:\/\/xolodesignestudio.com\/wp-content\/uploads\/2024\/10\/EHV9166-18x12.jpg 18w, https:\/\/xolodesignestudio.com\/wp-content\/uploads\/2024\/10\/EHV9166-600x400.jpg 600w, https:\/\/xolodesignestudio.com\/wp-content\/uploads\/2024\/10\/EHV9166.jpg 1161w\" sizes=\"(max-width: 800px) 100vw, 800px\" \/>\t\t\t\t\t\t\t\t\t\t\t\t\t\t\t<\/div>\n\t\t\t\t<\/div>\n\t\t<div class=\"elementor-element elementor-element-4901848 e-con-full e-flex elementor-invisible e-con e-child\" data-id=\"4901848\" data-element_type=\"container\" data-settings=\"{&quot;animation&quot;:&quot;fadeInUp&quot;}\">\n\t\t\t\t<div class=\"elementor-element elementor-element-a06340d elementor-widget elementor-widget-heading\" data-id=\"a06340d\" data-element_type=\"widget\" data-widget_type=\"heading.default\">\n\t\t\t\t<div class=\"elementor-widget-container\">\n\t\t\t\t\t<h1 class=\"elementor-heading-title elementor-size-default\">Our Services<\/h1>\t\t\t\t<\/div>\n\t\t\t\t<\/div>\n\t\t\t\t<div class=\"elementor-element elementor-element-4722a95 elementor-widget elementor-widget-text-editor\" data-id=\"4722a95\" data-element_type=\"widget\" data-widget_type=\"text-editor.default\">\n\t\t\t\t<div class=\"elementor-widget-container\">\n\t\t\t\t\t\t\t\t\t<strong>Prospecting your new space<\/strong>: We generate ideas to create a design proposal that fits your needs and desires.<\/br><\/br>\n<strong>Manufacturing your furniture<\/strong>: We undertake to follow the designs that you authorize.<\/br><\/br>\n<strong>Comprehensive assembly service:<\/strong> We take responsibility for the entire process from start to finish. We coordinate the installation of your project, manage the complete logistics of transportation and shipping to the destination city, and ensure that everything is done efficiently and on time. Our commitment is to deliver a \u201cturnkey\u201d service, which means that you will receive your project completely finished and ready for use, without worrying about any operational or assembly details.<\/br><\/br>\n\n<strong>We create your design, manufacture your pieces, complement with decorative accessories and assemble your project, giving it that intimate touch that will make it truly yours.<\/strong>\t\t\t\t\t\t\t\t<\/div>\n\t\t\t\t<\/div>\n\t\t\t\t<div class=\"elementor-element elementor-element-38eb3d4 elementor-align-center shadow-button elementor-widget elementor-widget-button\" data-id=\"38eb3d4\" data-element_type=\"widget\" data-settings=\"{&quot;_animation_mobile&quot;:&quot;fadeInUp&quot;}\" data-widget_type=\"button.default\">\n\t\t\t\t<div class=\"elementor-widget-container\">\n\t\t\t\t\t\t\t\t\t<div class=\"elementor-button-wrapper\">\n\t\t\t\t\t<a class=\"elementor-button elementor-button-link elementor-size-sm\" href=\"https:\/\/xolodesignestudio.com\/en\/contacto\/\">\n\t\t\t\t\t\t<span class=\"elementor-button-content-wrapper\">\n\t\t\t\t\t\t\t\t\t<span class=\"elementor-button-text\">Contact Us<\/span>\n\t\t\t\t\t<\/span>\n\t\t\t\t\t<\/a>\n\t\t\t\t<\/div>\n\t\t\t\t\t\t\t\t<\/div>\n\t\t\t\t<\/div>\n\t\t\t\t<\/div>\n\t\t\t\t<\/div>\n\t\t\t\t<\/div>","protected":false},"excerpt":{"rendered":"<p>Sobre Nosotros En Xolo Design Estudio, creemos firmemente en la lealtad hacia nuestros clientes. Nuestra misi\u00f3n es ofrecer calidad en cada uno de nuestros dise\u00f1os, creando una estrategia que fomente una sinergia entre el cliente y el proveedor. Nos especializamos en la adaptaci\u00f3n y customizaci\u00f3n de muebles, porque cada cliente es especial y \u00fanico para [&hellip;]<\/p>","protected":false},"author":1,"featured_media":0,"parent":0,"menu_order":0,"comment_status":"closed","ping_status":"closed","template":"","meta":{"footnotes":""},"class_list":["post-610","page","type-page","status-publish","hentry"],"_links":{"self":[{"href":"https:\/\/xolodesignestudio.com\/en\/wp-json\/wp\/v2\/pages\/610","targetHints":{"allow":["GET"]}}],"collection":[{"href":"https:\/\/xolodesignestudio.com\/en\/wp-json\/wp\/v2\/pages"}],"about":[{"href":"https:\/\/xolodesignestudio.com\/en\/wp-json\/wp\/v2\/types\/page"}],"author":[{"embeddable":true,"href":"https:\/\/xolodesignestudio.com\/en\/wp-json\/wp\/v2\/users\/1"}],"replies":[{"embeddable":true,"href":"https:\/\/xolodesignestudio.com\/en\/wp-json\/wp\/v2\/comments?post=610"}],"version-history":[{"count":82,"href":"https:\/\/xolodesignestudio.com\/en\/wp-json\/wp\/v2\/pages\/610\/revisions"}],"predecessor-version":[{"id":2118,"href":"https:\/\/xolodesignestudio.com\/en\/wp-json\/wp\/v2\/pages\/610\/revisions\/2118"}],"wp:attachment":[{"href":"https:\/\/xolodesignestudio.com\/en\/wp-json\/wp\/v2\/media?parent=610"}],"curies":[{"name":"wp","href":"https:\/\/api.w.org\/{rel}","templated":true}]}}