{"id":1633,"date":"2024-10-04T10:57:06","date_gmt":"2024-10-04T16:57:06","guid":{"rendered":"https:\/\/xolodesignestudio.com\/?page_id=1633"},"modified":"2024-10-15T12:40:35","modified_gmt":"2024-10-15T18:40:35","slug":"portafolio","status":"publish","type":"page","link":"https:\/\/xolodesignestudio.com\/pt\/portafolio\/","title":{"rendered":"Portf\u00f3lio"},"content":{"rendered":"<div data-elementor-type=\"wp-page\" data-elementor-id=\"1633\" class=\"elementor elementor-1633\" data-elementor-post-type=\"page\">\n\t\t\t\t<div class=\"elementor-element elementor-element-8e4f742 e-flex e-con-boxed e-con e-parent\" data-id=\"8e4f742\" data-element_type=\"container\" data-settings=\"{&quot;background_background&quot;:&quot;classic&quot;}\">\n\t\t\t\t\t<div class=\"e-con-inner\">\n\t\t\t\t\t<\/div>\n\t\t\t\t<\/div>\n\t\t<div class=\"elementor-element elementor-element-68e62d1 e-con-full e-flex e-con e-parent\" data-id=\"68e62d1\" data-element_type=\"container\" data-settings=\"{&quot;background_background&quot;:&quot;classic&quot;}\">\n\t\t\t\t<div class=\"elementor-element elementor-element-66d93bf elementor-widget elementor-widget-text-editor\" data-id=\"66d93bf\" data-element_type=\"widget\" data-widget_type=\"text-editor.default\">\n\t\t\t\t<div class=\"elementor-widget-container\">\n\t\t\t\t\t\t\t\t\tNo Xolo Design Estudio temos orgulho de ter um portf\u00f3lio diversificado que reflete a nossa capacidade de transformar espa\u00e7os em obras de arte. Colaboramos em estreita colabora\u00e7\u00e3o com arquitetos e construtores, garantindo que cada detalhe, desde os acabamentos arquitet\u00f3nicos \u00e0 sele\u00e7\u00e3o de mobili\u00e1rio, tecidos e acess\u00f3rios, esteja harmoniosamente integrado. O nosso objetivo \u00e9 materializar a sua vis\u00e3o e estilo pessoal, criando ambientes \u00fanicos que real\u00e7am a ess\u00eancia do seu espa\u00e7o.\t\t\t\t\t\t\t\t<\/div>\n\t\t\t\t<\/div>\n\t\t\t\t<\/div>\n\t\t<div class=\"elementor-element elementor-element-a76dac0 e-con-full elementor-hidden-tablet elementor-hidden-mobile e-flex e-con e-parent\" data-id=\"a76dac0\" data-element_type=\"container\">\n\t\t<div class=\"elementor-element elementor-element-e553378 e-con-full e-flex elementor-invisible e-con e-child\" data-id=\"e553378\" data-element_type=\"container\" data-settings=\"{&quot;animation&quot;:&quot;fadeInUp&quot;}\">\n\t\t\t\t<div class=\"elementor-element elementor-element-bbacebf elementor-widget elementor-widget-heading\" data-id=\"bbacebf\" data-element_type=\"widget\" data-widget_type=\"heading.default\">\n\t\t\t\t<div class=\"elementor-widget-container\">\n\t\t\t\t\t<h1 class=\"elementor-heading-title elementor-size-default\">Pulpo Estudio<\/h1>\t\t\t\t<\/div>\n\t\t\t\t<\/div>\n\t\t\t\t<div class=\"elementor-element elementor-element-09ff6aa elementor-widget elementor-widget-text-editor\" data-id=\"09ff6aa\" data-element_type=\"widget\" data-widget_type=\"text-editor.default\">\n\t\t\t\t<div class=\"elementor-widget-container\">\n\t\t\t\t\t\t\t\t\t<p>Lorem ipsum dolor sit amet, consectetur adipiscing elit. Phasellus n\u00e3o diam n\u00e3o ante placerat<\/p>\t\t\t\t\t\t\t\t<\/div>\n\t\t\t\t<\/div>\n\t\t\t\t<div class=\"elementor-element elementor-element-a55e1a2 elementor-align-center shadow-button elementor-widget elementor-widget-button\" data-id=\"a55e1a2\" data-element_type=\"widget\" data-settings=\"{&quot;_animation_mobile&quot;:&quot;fadeInUp&quot;}\" data-widget_type=\"button.default\">\n\t\t\t\t<div class=\"elementor-widget-container\">\n\t\t\t\t\t\t\t\t\t<div class=\"elementor-button-wrapper\">\n\t\t\t\t\t<a class=\"elementor-button elementor-button-link elementor-size-sm\" href=\"https:\/\/xolodesignestudio.com\/pt\/pulpo-estudio\/\">\n\t\t\t\t\t\t<span class=\"elementor-button-content-wrapper\">\n\t\t\t\t\t\t\t\t\t<span class=\"elementor-button-text\">Ver projeto<\/span>\n\t\t\t\t\t<\/span>\n\t\t\t\t\t<\/a>\n\t\t\t\t<\/div>\n\t\t\t\t\t\t\t\t<\/div>\n\t\t\t\t<\/div>\n\t\t\t\t<\/div>\n\t\t\t\t<div class=\"elementor-element elementor-element-9f50205 elementor-widget__width-initial elementor-widget-tablet__width-inherit elementor-invisible elementor-widget elementor-widget-image\" data-id=\"9f50205\" data-element_type=\"widget\" data-settings=\"{&quot;_animation&quot;:&quot;fadeInUp&quot;,&quot;_animation_delay&quot;:250}\" data-widget_type=\"image.default\">\n\t\t\t\t<div class=\"elementor-widget-container\">\n\t\t\t\t\t\t\t\t\t\t\t\t\t\t\t<img fetchpriority=\"high\" decoding=\"async\" width=\"800\" height=\"533\" src=\"https:\/\/xolodesignestudio.com\/wp-content\/uploads\/2024\/10\/Sala-Casa-El-Encanto-1024x682.jpg\" class=\"attachment-large size-large wp-image-1687\" alt=\"\" srcset=\"https:\/\/xolodesignestudio.com\/wp-content\/uploads\/2024\/10\/Sala-Casa-El-Encanto-1024x682.jpg 1024w, https:\/\/xolodesignestudio.com\/wp-content\/uploads\/2024\/10\/Sala-Casa-El-Encanto-300x200.jpg 300w, https:\/\/xolodesignestudio.com\/wp-content\/uploads\/2024\/10\/Sala-Casa-El-Encanto-768x512.jpg 768w, https:\/\/xolodesignestudio.com\/wp-content\/uploads\/2024\/10\/Sala-Casa-El-Encanto-1536x1023.jpg 1536w, https:\/\/xolodesignestudio.com\/wp-content\/uploads\/2024\/10\/Sala-Casa-El-Encanto-18x12.jpg 18w, https:\/\/xolodesignestudio.com\/wp-content\/uploads\/2024\/10\/Sala-Casa-El-Encanto-600x400.jpg 600w, https:\/\/xolodesignestudio.com\/wp-content\/uploads\/2024\/10\/Sala-Casa-El-Encanto.jpg 1920w\" sizes=\"(max-width: 800px) 100vw, 800px\" \/>\t\t\t\t\t\t\t\t\t\t\t\t\t\t\t<\/div>\n\t\t\t\t<\/div>\n\t\t\t\t<\/div>\n\t\t<div class=\"elementor-element elementor-element-fef6cae e-con-full elementor-hidden-desktop e-flex e-con e-parent\" data-id=\"fef6cae\" data-element_type=\"container\">\n\t\t\t\t<div class=\"elementor-element elementor-element-46f7088 elementor-widget__width-initial elementor-widget-tablet__width-inherit elementor-invisible elementor-widget elementor-widget-image\" data-id=\"46f7088\" data-element_type=\"widget\" data-settings=\"{&quot;_animation&quot;:&quot;fadeInUp&quot;,&quot;_animation_delay&quot;:250}\" data-widget_type=\"image.default\">\n\t\t\t\t<div class=\"elementor-widget-container\">\n\t\t\t\t\t\t\t\t\t\t\t\t\t\t\t<img decoding=\"async\" width=\"800\" height=\"800\" src=\"https:\/\/xolodesignestudio.com\/wp-content\/uploads\/2024\/10\/437027955_283922171322684_5778511935304010038_n.jpg\" class=\"attachment-large size-large wp-image-1796\" alt=\"\" srcset=\"https:\/\/xolodesignestudio.com\/wp-content\/uploads\/2024\/10\/437027955_283922171322684_5778511935304010038_n.jpg 883w, https:\/\/xolodesignestudio.com\/wp-content\/uploads\/2024\/10\/437027955_283922171322684_5778511935304010038_n-300x300.jpg 300w, https:\/\/xolodesignestudio.com\/wp-content\/uploads\/2024\/10\/437027955_283922171322684_5778511935304010038_n-150x150.jpg 150w, https:\/\/xolodesignestudio.com\/wp-content\/uploads\/2024\/10\/437027955_283922171322684_5778511935304010038_n-768x768.jpg 768w, https:\/\/xolodesignestudio.com\/wp-content\/uploads\/2024\/10\/437027955_283922171322684_5778511935304010038_n-12x12.jpg 12w, https:\/\/xolodesignestudio.com\/wp-content\/uploads\/2024\/10\/437027955_283922171322684_5778511935304010038_n-600x600.jpg 600w, https:\/\/xolodesignestudio.com\/wp-content\/uploads\/2024\/10\/437027955_283922171322684_5778511935304010038_n-100x100.jpg 100w\" sizes=\"(max-width: 800px) 100vw, 800px\" \/>\t\t\t\t\t\t\t\t\t\t\t\t\t\t\t<\/div>\n\t\t\t\t<\/div>\n\t\t<div class=\"elementor-element elementor-element-340beec e-con-full e-flex elementor-invisible e-con e-child\" data-id=\"340beec\" data-element_type=\"container\" data-settings=\"{&quot;animation&quot;:&quot;fadeInUp&quot;}\">\n\t\t\t\t<div class=\"elementor-element elementor-element-6f93234 elementor-widget elementor-widget-heading\" data-id=\"6f93234\" data-element_type=\"widget\" data-widget_type=\"heading.default\">\n\t\t\t\t<div class=\"elementor-widget-container\">\n\t\t\t\t\t<h1 class=\"elementor-heading-title elementor-size-default\">Pulpo Estudio<\/h1>\t\t\t\t<\/div>\n\t\t\t\t<\/div>\n\t\t\t\t<div class=\"elementor-element elementor-element-2004dcf elementor-widget elementor-widget-text-editor\" data-id=\"2004dcf\" data-element_type=\"widget\" data-widget_type=\"text-editor.default\">\n\t\t\t\t<div class=\"elementor-widget-container\">\n\t\t\t\t\t\t\t\t\t<p>Lorem ipsum dolor sit amet, consectetur adipiscing elit. Phasellus n\u00e3o diam n\u00e3o ante placerat<\/p>\t\t\t\t\t\t\t\t<\/div>\n\t\t\t\t<\/div>\n\t\t\t\t<div class=\"elementor-element elementor-element-20c302d elementor-align-center shadow-button elementor-widget elementor-widget-button\" data-id=\"20c302d\" data-element_type=\"widget\" data-settings=\"{&quot;_animation_mobile&quot;:&quot;fadeInUp&quot;}\" data-widget_type=\"button.default\">\n\t\t\t\t<div class=\"elementor-widget-container\">\n\t\t\t\t\t\t\t\t\t<div class=\"elementor-button-wrapper\">\n\t\t\t\t\t<a class=\"elementor-button elementor-button-link elementor-size-sm\" href=\"https:\/\/xolodesignestudio.com\/pt\/pulpo-estudio\/\">\n\t\t\t\t\t\t<span class=\"elementor-button-content-wrapper\">\n\t\t\t\t\t\t\t\t\t<span class=\"elementor-button-text\">Ver projeto<\/span>\n\t\t\t\t\t<\/span>\n\t\t\t\t\t<\/a>\n\t\t\t\t<\/div>\n\t\t\t\t\t\t\t\t<\/div>\n\t\t\t\t<\/div>\n\t\t\t\t<\/div>\n\t\t\t\t<\/div>\n\t\t<div class=\"elementor-element elementor-element-4e0873b e-con-full e-flex e-con e-parent\" data-id=\"4e0873b\" data-element_type=\"container\" data-settings=\"{&quot;background_background&quot;:&quot;classic&quot;}\">\n\t\t\t\t<div class=\"elementor-element elementor-element-6a89565 elementor-widget__width-initial elementor-widget-tablet__width-inherit elementor-invisible elementor-widget elementor-widget-image\" data-id=\"6a89565\" data-element_type=\"widget\" data-settings=\"{&quot;_animation&quot;:&quot;fadeInUp&quot;,&quot;_animation_delay&quot;:250}\" data-widget_type=\"image.default\">\n\t\t\t\t<div class=\"elementor-widget-container\">\n\t\t\t\t\t\t\t\t\t\t\t\t\t\t\t<img decoding=\"async\" width=\"800\" height=\"534\" src=\"https:\/\/xolodesignestudio.com\/wp-content\/uploads\/2024\/10\/EHV9148-1024x683.jpg\" class=\"attachment-large size-large wp-image-1856\" alt=\"\" srcset=\"https:\/\/xolodesignestudio.com\/wp-content\/uploads\/2024\/10\/EHV9148-1024x683.jpg 1024w, https:\/\/xolodesignestudio.com\/wp-content\/uploads\/2024\/10\/EHV9148-300x200.jpg 300w, https:\/\/xolodesignestudio.com\/wp-content\/uploads\/2024\/10\/EHV9148-768x512.jpg 768w, https:\/\/xolodesignestudio.com\/wp-content\/uploads\/2024\/10\/EHV9148-18x12.jpg 18w, https:\/\/xolodesignestudio.com\/wp-content\/uploads\/2024\/10\/EHV9148-600x400.jpg 600w, https:\/\/xolodesignestudio.com\/wp-content\/uploads\/2024\/10\/EHV9148.jpg 1161w\" sizes=\"(max-width: 800px) 100vw, 800px\" \/>\t\t\t\t\t\t\t\t\t\t\t\t\t\t\t<\/div>\n\t\t\t\t<\/div>\n\t\t<div class=\"elementor-element elementor-element-f07cefa e-con-full e-flex elementor-invisible e-con e-child\" data-id=\"f07cefa\" data-element_type=\"container\" data-settings=\"{&quot;animation&quot;:&quot;fadeInUp&quot;}\">\n\t\t\t\t<div class=\"elementor-element elementor-element-14645f1 elementor-widget elementor-widget-heading\" data-id=\"14645f1\" data-element_type=\"widget\" data-widget_type=\"heading.default\">\n\t\t\t\t<div class=\"elementor-widget-container\">\n\t\t\t\t\t<h1 class=\"elementor-heading-title elementor-size-default\">Casa el Encanto<\/h1>\t\t\t\t<\/div>\n\t\t\t\t<\/div>\n\t\t\t\t<div class=\"elementor-element elementor-element-213b958 elementor-widget elementor-widget-text-editor\" data-id=\"213b958\" data-element_type=\"widget\" data-widget_type=\"text-editor.default\">\n\t\t\t\t<div class=\"elementor-widget-container\">\n\t\t\t\t\t\t\t\t\t<p>Combina arquitetura moderna e eleg\u00e2ncia funcional. M\u00f3veis personalizados, materiais naturais e detalhes \u00fanicos criam um espa\u00e7o aconchegante e sofisticado, ideal para o dia a dia.<\/p>\t\t\t\t\t\t\t\t<\/div>\n\t\t\t\t<\/div>\n\t\t\t\t<div class=\"elementor-element elementor-element-42eaa33 elementor-align-center shadow-button elementor-widget elementor-widget-button\" data-id=\"42eaa33\" data-element_type=\"widget\" data-settings=\"{&quot;_animation_mobile&quot;:&quot;fadeInUp&quot;}\" data-widget_type=\"button.default\">\n\t\t\t\t<div class=\"elementor-widget-container\">\n\t\t\t\t\t\t\t\t\t<div class=\"elementor-button-wrapper\">\n\t\t\t\t\t<a class=\"elementor-button elementor-button-link elementor-size-sm\" href=\"https:\/\/xolodesignestudio.com\/pt\/casa-el-encanto\/\">\n\t\t\t\t\t\t<span class=\"elementor-button-content-wrapper\">\n\t\t\t\t\t\t\t\t\t<span class=\"elementor-button-text\">Ver projeto<\/span>\n\t\t\t\t\t<\/span>\n\t\t\t\t\t<\/a>\n\t\t\t\t<\/div>\n\t\t\t\t\t\t\t\t<\/div>\n\t\t\t\t<\/div>\n\t\t\t\t<\/div>\n\t\t\t\t<\/div>\n\t\t<div class=\"elementor-element elementor-element-0a170f2 e-con-full elementor-hidden-tablet elementor-hidden-mobile e-flex e-con e-parent\" data-id=\"0a170f2\" data-element_type=\"container\">\n\t\t<div class=\"elementor-element elementor-element-6a09c97 e-con-full e-flex elementor-invisible e-con e-child\" data-id=\"6a09c97\" data-element_type=\"container\" data-settings=\"{&quot;animation&quot;:&quot;fadeInUp&quot;}\">\n\t\t\t\t<div class=\"elementor-element elementor-element-56b8906 elementor-widget elementor-widget-heading\" data-id=\"56b8906\" data-element_type=\"widget\" data-widget_type=\"heading.default\">\n\t\t\t\t<div class=\"elementor-widget-container\">\n\t\t\t\t\t<h1 class=\"elementor-heading-title elementor-size-default\">Penthouse<\/h1>\t\t\t\t<\/div>\n\t\t\t\t<\/div>\n\t\t\t\t<div class=\"elementor-element elementor-element-c10105f elementor-widget elementor-widget-text-editor\" data-id=\"c10105f\" data-element_type=\"widget\" data-widget_type=\"text-editor.default\">\n\t\t\t\t<div class=\"elementor-widget-container\">\n\t\t\t\t\t\t\t\t\t<p>Combina modernidade e eleg\u00e2ncia funcional. Com mobili\u00e1rio personalizado, materiais naturais e detalhes \u00fanicos, oferece um espa\u00e7o exclusivo que equilibra luxo e conforto para uma vida sofisticada.<\/p>\t\t\t\t\t\t\t\t<\/div>\n\t\t\t\t<\/div>\n\t\t\t\t<div class=\"elementor-element elementor-element-e42404e elementor-align-center shadow-button elementor-widget elementor-widget-button\" data-id=\"e42404e\" data-element_type=\"widget\" data-settings=\"{&quot;_animation_mobile&quot;:&quot;fadeInUp&quot;}\" data-widget_type=\"button.default\">\n\t\t\t\t<div class=\"elementor-widget-container\">\n\t\t\t\t\t\t\t\t\t<div class=\"elementor-button-wrapper\">\n\t\t\t\t\t<a class=\"elementor-button elementor-button-link elementor-size-sm\" href=\"https:\/\/xolodesignestudio.com\/pt\/penthouse\/\">\n\t\t\t\t\t\t<span class=\"elementor-button-content-wrapper\">\n\t\t\t\t\t\t\t\t\t<span class=\"elementor-button-text\">Ver projeto<\/span>\n\t\t\t\t\t<\/span>\n\t\t\t\t\t<\/a>\n\t\t\t\t<\/div>\n\t\t\t\t\t\t\t\t<\/div>\n\t\t\t\t<\/div>\n\t\t\t\t<\/div>\n\t\t\t\t<div class=\"elementor-element elementor-element-50af26e elementor-widget__width-initial elementor-widget-tablet__width-inherit elementor-invisible elementor-widget elementor-widget-image\" data-id=\"50af26e\" data-element_type=\"widget\" data-settings=\"{&quot;_animation&quot;:&quot;fadeInUp&quot;,&quot;_animation_delay&quot;:250}\" data-widget_type=\"image.default\">\n\t\t\t\t<div class=\"elementor-widget-container\">\n\t\t\t\t\t\t\t\t\t\t\t\t\t\t\t<img fetchpriority=\"high\" decoding=\"async\" width=\"800\" height=\"533\" src=\"https:\/\/xolodesignestudio.com\/wp-content\/uploads\/2024\/10\/Sala-Casa-El-Encanto-1024x682.jpg\" class=\"attachment-large size-large wp-image-1687\" alt=\"\" srcset=\"https:\/\/xolodesignestudio.com\/wp-content\/uploads\/2024\/10\/Sala-Casa-El-Encanto-1024x682.jpg 1024w, https:\/\/xolodesignestudio.com\/wp-content\/uploads\/2024\/10\/Sala-Casa-El-Encanto-300x200.jpg 300w, https:\/\/xolodesignestudio.com\/wp-content\/uploads\/2024\/10\/Sala-Casa-El-Encanto-768x512.jpg 768w, https:\/\/xolodesignestudio.com\/wp-content\/uploads\/2024\/10\/Sala-Casa-El-Encanto-1536x1023.jpg 1536w, https:\/\/xolodesignestudio.com\/wp-content\/uploads\/2024\/10\/Sala-Casa-El-Encanto-18x12.jpg 18w, https:\/\/xolodesignestudio.com\/wp-content\/uploads\/2024\/10\/Sala-Casa-El-Encanto-600x400.jpg 600w, https:\/\/xolodesignestudio.com\/wp-content\/uploads\/2024\/10\/Sala-Casa-El-Encanto.jpg 1920w\" sizes=\"(max-width: 800px) 100vw, 800px\" \/>\t\t\t\t\t\t\t\t\t\t\t\t\t\t\t<\/div>\n\t\t\t\t<\/div>\n\t\t\t\t<\/div>\n\t\t<div class=\"elementor-element elementor-element-7ab7ecd e-con-full elementor-hidden-desktop e-flex e-con e-parent\" data-id=\"7ab7ecd\" data-element_type=\"container\">\n\t\t\t\t<div class=\"elementor-element elementor-element-c9db813 elementor-widget__width-initial elementor-widget-tablet__width-inherit elementor-invisible elementor-widget elementor-widget-image\" data-id=\"c9db813\" data-element_type=\"widget\" data-settings=\"{&quot;_animation&quot;:&quot;fadeInUp&quot;,&quot;_animation_delay&quot;:250}\" data-widget_type=\"image.default\">\n\t\t\t\t<div class=\"elementor-widget-container\">\n\t\t\t\t\t\t\t\t\t\t\t\t\t\t\t<img loading=\"lazy\" decoding=\"async\" width=\"800\" height=\"533\" src=\"https:\/\/xolodesignestudio.com\/wp-content\/uploads\/2024\/10\/EHV3830-1024x682.jpg\" class=\"attachment-large size-large wp-image-2015\" alt=\"\" srcset=\"https:\/\/xolodesignestudio.com\/wp-content\/uploads\/2024\/10\/EHV3830-1024x682.jpg 1024w, https:\/\/xolodesignestudio.com\/wp-content\/uploads\/2024\/10\/EHV3830-300x200.jpg 300w, https:\/\/xolodesignestudio.com\/wp-content\/uploads\/2024\/10\/EHV3830-768x512.jpg 768w, https:\/\/xolodesignestudio.com\/wp-content\/uploads\/2024\/10\/EHV3830-1536x1023.jpg 1536w, https:\/\/xolodesignestudio.com\/wp-content\/uploads\/2024\/10\/EHV3830-18x12.jpg 18w, https:\/\/xolodesignestudio.com\/wp-content\/uploads\/2024\/10\/EHV3830-600x400.jpg 600w, https:\/\/xolodesignestudio.com\/wp-content\/uploads\/2024\/10\/EHV3830.jpg 1549w\" sizes=\"(max-width: 800px) 100vw, 800px\" \/>\t\t\t\t\t\t\t\t\t\t\t\t\t\t\t<\/div>\n\t\t\t\t<\/div>\n\t\t<div class=\"elementor-element elementor-element-7b07949 e-con-full e-flex elementor-invisible e-con e-child\" data-id=\"7b07949\" data-element_type=\"container\" data-settings=\"{&quot;animation&quot;:&quot;fadeInUp&quot;}\">\n\t\t\t\t<div class=\"elementor-element elementor-element-c8d42d9 elementor-widget elementor-widget-heading\" data-id=\"c8d42d9\" data-element_type=\"widget\" data-widget_type=\"heading.default\">\n\t\t\t\t<div class=\"elementor-widget-container\">\n\t\t\t\t\t<h1 class=\"elementor-heading-title elementor-size-default\">Penthouse<\/h1>\t\t\t\t<\/div>\n\t\t\t\t<\/div>\n\t\t\t\t<div class=\"elementor-element elementor-element-1401dd4 elementor-widget elementor-widget-text-editor\" data-id=\"1401dd4\" data-element_type=\"widget\" data-widget_type=\"text-editor.default\">\n\t\t\t\t<div class=\"elementor-widget-container\">\n\t\t\t\t\t\t\t\t\t<p>Combina modernidade e eleg\u00e2ncia funcional. Com mobili\u00e1rio personalizado, materiais naturais e detalhes \u00fanicos, oferece um espa\u00e7o exclusivo que equilibra luxo e conforto para uma vida sofisticada.<\/p>\t\t\t\t\t\t\t\t<\/div>\n\t\t\t\t<\/div>\n\t\t\t\t<div class=\"elementor-element elementor-element-4484e13 elementor-align-center shadow-button elementor-widget elementor-widget-button\" data-id=\"4484e13\" data-element_type=\"widget\" data-settings=\"{&quot;_animation_mobile&quot;:&quot;fadeInUp&quot;}\" data-widget_type=\"button.default\">\n\t\t\t\t<div class=\"elementor-widget-container\">\n\t\t\t\t\t\t\t\t\t<div class=\"elementor-button-wrapper\">\n\t\t\t\t\t<a class=\"elementor-button elementor-button-link elementor-size-sm\" href=\"https:\/\/xolodesignestudio.com\/pt\/penthouse\/\">\n\t\t\t\t\t\t<span class=\"elementor-button-content-wrapper\">\n\t\t\t\t\t\t\t\t\t<span class=\"elementor-button-text\">Ver projeto<\/span>\n\t\t\t\t\t<\/span>\n\t\t\t\t\t<\/a>\n\t\t\t\t<\/div>\n\t\t\t\t\t\t\t\t<\/div>\n\t\t\t\t<\/div>\n\t\t\t\t<\/div>\n\t\t\t\t<\/div>\n\t\t<div class=\"elementor-element elementor-element-d1f3af7 e-con-full e-flex e-con e-parent\" data-id=\"d1f3af7\" data-element_type=\"container\" data-settings=\"{&quot;background_background&quot;:&quot;classic&quot;}\">\n\t\t\t\t<div class=\"elementor-element elementor-element-a8073b5 elementor-widget__width-initial elementor-widget-tablet__width-inherit elementor-invisible elementor-widget elementor-widget-image\" data-id=\"a8073b5\" data-element_type=\"widget\" data-settings=\"{&quot;_animation&quot;:&quot;fadeInUp&quot;,&quot;_animation_delay&quot;:250}\" data-widget_type=\"image.default\">\n\t\t\t\t<div class=\"elementor-widget-container\">\n\t\t\t\t\t\t\t\t\t\t\t\t\t\t\t<img loading=\"lazy\" decoding=\"async\" width=\"800\" height=\"534\" src=\"https:\/\/xolodesignestudio.com\/wp-content\/uploads\/2024\/10\/EHV3836-1024x683.jpg\" class=\"attachment-large size-large wp-image-1691\" alt=\"\" srcset=\"https:\/\/xolodesignestudio.com\/wp-content\/uploads\/2024\/10\/EHV3836-1024x683.jpg 1024w, https:\/\/xolodesignestudio.com\/wp-content\/uploads\/2024\/10\/EHV3836-300x200.jpg 300w, https:\/\/xolodesignestudio.com\/wp-content\/uploads\/2024\/10\/EHV3836-768x512.jpg 768w, https:\/\/xolodesignestudio.com\/wp-content\/uploads\/2024\/10\/EHV3836-18x12.jpg 18w, https:\/\/xolodesignestudio.com\/wp-content\/uploads\/2024\/10\/EHV3836-600x400.jpg 600w, https:\/\/xolodesignestudio.com\/wp-content\/uploads\/2024\/10\/EHV3836.jpg 1440w\" sizes=\"(max-width: 800px) 100vw, 800px\" \/>\t\t\t\t\t\t\t\t\t\t\t\t\t\t\t<\/div>\n\t\t\t\t<\/div>\n\t\t<div class=\"elementor-element elementor-element-803619f e-con-full e-flex elementor-invisible e-con e-child\" data-id=\"803619f\" data-element_type=\"container\" data-settings=\"{&quot;animation&quot;:&quot;fadeInUp&quot;}\">\n\t\t\t\t<div class=\"elementor-element elementor-element-30d5cc3 elementor-widget elementor-widget-heading\" data-id=\"30d5cc3\" data-element_type=\"widget\" data-widget_type=\"heading.default\">\n\t\t\t\t<div class=\"elementor-widget-container\">\n\t\t\t\t\t<h1 class=\"elementor-heading-title elementor-size-default\">Duplex<\/h1>\t\t\t\t<\/div>\n\t\t\t\t<\/div>\n\t\t\t\t<div class=\"elementor-element elementor-element-8d99107 elementor-widget elementor-widget-text-editor\" data-id=\"8d99107\" data-element_type=\"widget\" data-widget_type=\"text-editor.default\">\n\t\t\t\t<div class=\"elementor-widget-container\">\n\t\t\t\t\t\t\t\t\t<p>Projeto <strong>Est\u00fadio Xolo Design<\/strong>, funde arquitetura contempor\u00e2nea e funcionalidade. Com m\u00f3veis personalizados e materiais naturais, cria um ambiente aconchegante e elegante, ideal para o dia a dia.<\/p>\t\t\t\t\t\t\t\t<\/div>\n\t\t\t\t<\/div>\n\t\t\t\t<div class=\"elementor-element elementor-element-a8abb42 elementor-align-center shadow-button elementor-widget elementor-widget-button\" data-id=\"a8abb42\" data-element_type=\"widget\" data-settings=\"{&quot;_animation_mobile&quot;:&quot;fadeInUp&quot;}\" data-widget_type=\"button.default\">\n\t\t\t\t<div class=\"elementor-widget-container\">\n\t\t\t\t\t\t\t\t\t<div class=\"elementor-button-wrapper\">\n\t\t\t\t\t<a class=\"elementor-button elementor-button-link elementor-size-sm\" href=\"https:\/\/xolodesignestudio.com\/pt\/duplex\/\">\n\t\t\t\t\t\t<span class=\"elementor-button-content-wrapper\">\n\t\t\t\t\t\t\t\t\t<span class=\"elementor-button-text\">Ver projeto<\/span>\n\t\t\t\t\t<\/span>\n\t\t\t\t\t<\/a>\n\t\t\t\t<\/div>\n\t\t\t\t\t\t\t\t<\/div>\n\t\t\t\t<\/div>\n\t\t\t\t<\/div>\n\t\t\t\t<\/div>\n\t\t\t\t<\/div>","protected":false},"excerpt":{"rendered":"<p>En Xolo Design Estudio, nos enorgullece contar con un portafolio diverso que refleja nuestra habilidad para transformar espacios en obras de arte. Colaboramos estrechamente con arquitectos y constructores, asegurando que cada detalle, desde los acabados arquitect\u00f3nicos hasta la selecci\u00f3n de muebles, telas y accesorios, se integre de manera armoniosa. Nuestro objetivo es materializar tu visi\u00f3n [&hellip;]<\/p>","protected":false},"author":1,"featured_media":0,"parent":0,"menu_order":0,"comment_status":"closed","ping_status":"closed","template":"","meta":{"footnotes":""},"class_list":["post-1633","page","type-page","status-publish","hentry"],"_links":{"self":[{"href":"https:\/\/xolodesignestudio.com\/pt\/wp-json\/wp\/v2\/pages\/1633","targetHints":{"allow":["GET"]}}],"collection":[{"href":"https:\/\/xolodesignestudio.com\/pt\/wp-json\/wp\/v2\/pages"}],"about":[{"href":"https:\/\/xolodesignestudio.com\/pt\/wp-json\/wp\/v2\/types\/page"}],"author":[{"embeddable":true,"href":"https:\/\/xolodesignestudio.com\/pt\/wp-json\/wp\/v2\/users\/1"}],"replies":[{"embeddable":true,"href":"https:\/\/xolodesignestudio.com\/pt\/wp-json\/wp\/v2\/comments?post=1633"}],"version-history":[{"count":64,"href":"https:\/\/xolodesignestudio.com\/pt\/wp-json\/wp\/v2\/pages\/1633\/revisions"}],"predecessor-version":[{"id":2072,"href":"https:\/\/xolodesignestudio.com\/pt\/wp-json\/wp\/v2\/pages\/1633\/revisions\/2072"}],"wp:attachment":[{"href":"https:\/\/xolodesignestudio.com\/pt\/wp-json\/wp\/v2\/media?parent=1633"}],"curies":[{"name":"wp","href":"https:\/\/api.w.org\/{rel}","templated":true}]}}