{"id":1728,"date":"2024-10-07T09:31:34","date_gmt":"2024-10-07T15:31:34","guid":{"rendered":"https:\/\/xolodesignestudio.com\/?page_id=1728"},"modified":"2024-10-15T12:46:12","modified_gmt":"2024-10-15T18:46:12","slug":"pulpo-estudio","status":"publish","type":"page","link":"https:\/\/xolodesignestudio.com\/pt\/pulpo-estudio\/","title":{"rendered":"Pulpo Estudio"},"content":{"rendered":"<div data-elementor-type=\"wp-page\" data-elementor-id=\"1728\" class=\"elementor elementor-1728\" data-elementor-post-type=\"page\">\n\t\t\t\t<div class=\"elementor-element elementor-element-de8c4b1 e-flex e-con-boxed e-con e-parent\" data-id=\"de8c4b1\" data-element_type=\"container\" data-settings=\"{&quot;background_background&quot;:&quot;video&quot;,&quot;background_video_link&quot;:&quot;https:\\\/\\\/youtu.be\\\/4vsRhsdekgI&quot;}\">\n\t\t\t\t\t<div class=\"e-con-inner\">\n\t\t<div class=\"elementor-background-video-container elementor-hidden-mobile\" aria-hidden=\"true\">\n\t\t\t\t\t\t\t<div class=\"elementor-background-video-embed\"><\/div>\n\t\t\t\t\t\t<\/div>\t\t\t<\/div>\n\t\t\t\t<\/div>\n\t\t<div class=\"elementor-element elementor-element-f4dc746 e-flex e-con-boxed e-con e-parent\" data-id=\"f4dc746\" data-element_type=\"container\">\n\t\t\t\t\t<div class=\"e-con-inner\">\n\t\t\t\t<div class=\"elementor-element elementor-element-bfe93aa elementor-widget elementor-widget-heading\" data-id=\"bfe93aa\" data-element_type=\"widget\" data-widget_type=\"heading.default\">\n\t\t\t\t<div class=\"elementor-widget-container\">\n\t\t\t\t\t<h1 class=\"elementor-heading-title elementor-size-default\">PULPO ESTUDIO<\/h1>\t\t\t\t<\/div>\n\t\t\t\t<\/div>\n\t\t\t\t\t<\/div>\n\t\t\t\t<\/div>\n\t\t<div class=\"elementor-element elementor-element-1888e4d e-flex e-con-boxed e-con e-parent\" data-id=\"1888e4d\" data-element_type=\"container\">\n\t\t\t\t\t<div class=\"e-con-inner\">\n\t\t<div class=\"elementor-element elementor-element-f1c3852 e-con-full e-flex e-con e-child\" data-id=\"f1c3852\" data-element_type=\"container\">\n\t\t\t\t<div class=\"elementor-element elementor-element-195da3e elementor-widget elementor-widget-text-editor\" data-id=\"195da3e\" data-element_type=\"widget\" data-widget_type=\"text-editor.default\">\n\t\t\t\t<div class=\"elementor-widget-container\">\n\t\t\t\t\t\t\t\t\t<p><strong>Pulpo Estudio<\/strong> \u00c9 um projeto not\u00e1vel de <strong>Est\u00fadio Xolo Design<\/strong> que funde excepcionalmente a est\u00e9tica contempor\u00e2nea e a funcionalidade criativa. Este espa\u00e7o exala inspira\u00e7\u00e3o e estilo, com elementos personalizados como <strong>cadeiras ergon\u00f4micas<\/strong> e <strong>mesas multifuncionais<\/strong>, que otimizam cada canto. Os detalhes decorativos \u00fanicos e <strong>estantes modulares<\/strong> oferecem armazenamento e exibi\u00e7\u00e3o, enquanto <strong>bancos de armazenamento<\/strong> Eles adicionam conforto e utilidade.<\/p><p>Cada canto reflete uma aten\u00e7\u00e3o meticulosa ao design, utilizando materiais naturais e acabamentos inovadores. Pulpo Estudio incorpora os valores fundamentais da Xolo: qualidade e personaliza\u00e7\u00e3o, criando um ambiente acolhedor e din\u00e2mico, ideal para beleza e est\u00e9tica. Aqui, o <strong>m\u00f3veis decorativos<\/strong> e o <strong>mesas laterais<\/strong> Complementam a est\u00e9tica, fazendo deste espa\u00e7o um local onde o design e a funcionalidade se encontram em perfeita harmonia.<\/p>\t\t\t\t\t\t\t\t<\/div>\n\t\t\t\t<\/div>\n\t\t\t\t<\/div>\n\t\t\t\t\t<\/div>\n\t\t\t\t<\/div>\n\t\t<div class=\"elementor-element elementor-element-6e66ff1 e-flex e-con-boxed e-con e-parent\" data-id=\"6e66ff1\" data-element_type=\"container\">\n\t\t\t\t\t<div class=\"e-con-inner\">\n\t\t<div class=\"elementor-element elementor-element-36c5ff8 e-con-full e-flex e-con e-child\" data-id=\"36c5ff8\" data-element_type=\"container\">\n\t\t\t\t<div class=\"elementor-element elementor-element-bd83c5e elementor-widget elementor-widget-image\" data-id=\"bd83c5e\" data-element_type=\"widget\" data-widget_type=\"image.default\">\n\t\t\t\t<div class=\"elementor-widget-container\">\n\t\t\t\t\t\t\t\t\t\t\t\t\t\t\t<img fetchpriority=\"high\" decoding=\"async\" width=\"800\" height=\"800\" src=\"https:\/\/xolodesignestudio.com\/wp-content\/uploads\/2024\/10\/437027955_283922171322684_5778511935304010038_n.jpg\" class=\"attachment-large size-large wp-image-1796\" alt=\"\" srcset=\"https:\/\/xolodesignestudio.com\/wp-content\/uploads\/2024\/10\/437027955_283922171322684_5778511935304010038_n.jpg 883w, https:\/\/xolodesignestudio.com\/wp-content\/uploads\/2024\/10\/437027955_283922171322684_5778511935304010038_n-300x300.jpg 300w, https:\/\/xolodesignestudio.com\/wp-content\/uploads\/2024\/10\/437027955_283922171322684_5778511935304010038_n-150x150.jpg 150w, https:\/\/xolodesignestudio.com\/wp-content\/uploads\/2024\/10\/437027955_283922171322684_5778511935304010038_n-768x768.jpg 768w, https:\/\/xolodesignestudio.com\/wp-content\/uploads\/2024\/10\/437027955_283922171322684_5778511935304010038_n-12x12.jpg 12w, https:\/\/xolodesignestudio.com\/wp-content\/uploads\/2024\/10\/437027955_283922171322684_5778511935304010038_n-600x600.jpg 600w, https:\/\/xolodesignestudio.com\/wp-content\/uploads\/2024\/10\/437027955_283922171322684_5778511935304010038_n-100x100.jpg 100w\" sizes=\"(max-width: 800px) 100vw, 800px\" \/>\t\t\t\t\t\t\t\t\t\t\t\t\t\t\t<\/div>\n\t\t\t\t<\/div>\n\t\t\t\t<\/div>\n\t\t<div class=\"elementor-element elementor-element-15be3e9 e-con-full e-flex e-con e-child\" data-id=\"15be3e9\" data-element_type=\"container\">\n\t\t\t\t<div class=\"elementor-element elementor-element-594dcad elementor-widget elementor-widget-image\" data-id=\"594dcad\" data-element_type=\"widget\" data-widget_type=\"image.default\">\n\t\t\t\t<div class=\"elementor-widget-container\">\n\t\t\t\t\t\t\t\t\t\t\t\t\t\t\t<img decoding=\"async\" src=\"https:\/\/xolodesignestudio.com\/wp-content\/plugins\/elementor\/assets\/images\/placeholder.png\" title=\"\" alt=\"\" loading=\"lazy\" \/>\t\t\t\t\t\t\t\t\t\t\t\t\t\t\t<\/div>\n\t\t\t\t<\/div>\n\t\t\t\t<\/div>\n\t\t<div class=\"elementor-element elementor-element-9b50bd7 e-con-full e-flex e-con e-child\" data-id=\"9b50bd7\" data-element_type=\"container\">\n\t\t\t\t<div class=\"elementor-element elementor-element-3fadfa0 elementor-widget elementor-widget-image\" data-id=\"3fadfa0\" data-element_type=\"widget\" data-widget_type=\"image.default\">\n\t\t\t\t<div class=\"elementor-widget-container\">\n\t\t\t\t\t\t\t\t\t\t\t\t\t\t\t<img decoding=\"async\" src=\"https:\/\/xolodesignestudio.com\/wp-content\/plugins\/elementor\/assets\/images\/placeholder.png\" title=\"\" alt=\"\" loading=\"lazy\" \/>\t\t\t\t\t\t\t\t\t\t\t\t\t\t\t<\/div>\n\t\t\t\t<\/div>\n\t\t\t\t<\/div>\n\t\t<div class=\"elementor-element elementor-element-ba2ac26 e-con-full e-flex e-con e-child\" data-id=\"ba2ac26\" data-element_type=\"container\">\n\t\t\t\t<div class=\"elementor-element elementor-element-3315da4 elementor-widget elementor-widget-image\" data-id=\"3315da4\" data-element_type=\"widget\" data-widget_type=\"image.default\">\n\t\t\t\t<div class=\"elementor-widget-container\">\n\t\t\t\t\t\t\t\t\t\t\t\t\t\t\t<img decoding=\"async\" src=\"https:\/\/xolodesignestudio.com\/wp-content\/plugins\/elementor\/assets\/images\/placeholder.png\" title=\"\" alt=\"\" loading=\"lazy\" \/>\t\t\t\t\t\t\t\t\t\t\t\t\t\t\t<\/div>\n\t\t\t\t<\/div>\n\t\t\t\t<\/div>\n\t\t\t\t\t<\/div>\n\t\t\t\t<\/div>\n\t\t\t\t<\/div>","protected":false},"excerpt":{"rendered":"<p>PULPO ESTUDIO Pulpo Estudio es un proyecto destacado de Xolo Design Estudio que fusiona de manera excepcional est\u00e9tica contempor\u00e1nea y funcionalidad creativa. Este espacio irradia inspiraci\u00f3n y estilo, con elementos dise\u00f1ados a medida, como sillas ergon\u00f3micas y mesas multifuncionales, que optimizan cada rinc\u00f3n. Los detalles decorativos \u00fanicos y las estanter\u00edas modulares ofrecen almacenamiento y exhibici\u00f3n, [&hellip;]<\/p>","protected":false},"author":1,"featured_media":0,"parent":0,"menu_order":0,"comment_status":"closed","ping_status":"closed","template":"","meta":{"footnotes":""},"class_list":["post-1728","page","type-page","status-publish","hentry"],"_links":{"self":[{"href":"https:\/\/xolodesignestudio.com\/pt\/wp-json\/wp\/v2\/pages\/1728","targetHints":{"allow":["GET"]}}],"collection":[{"href":"https:\/\/xolodesignestudio.com\/pt\/wp-json\/wp\/v2\/pages"}],"about":[{"href":"https:\/\/xolodesignestudio.com\/pt\/wp-json\/wp\/v2\/types\/page"}],"author":[{"embeddable":true,"href":"https:\/\/xolodesignestudio.com\/pt\/wp-json\/wp\/v2\/users\/1"}],"replies":[{"embeddable":true,"href":"https:\/\/xolodesignestudio.com\/pt\/wp-json\/wp\/v2\/comments?post=1728"}],"version-history":[{"count":34,"href":"https:\/\/xolodesignestudio.com\/pt\/wp-json\/wp\/v2\/pages\/1728\/revisions"}],"predecessor-version":[{"id":2075,"href":"https:\/\/xolodesignestudio.com\/pt\/wp-json\/wp\/v2\/pages\/1728\/revisions\/2075"}],"wp:attachment":[{"href":"https:\/\/xolodesignestudio.com\/pt\/wp-json\/wp\/v2\/media?parent=1728"}],"curies":[{"name":"wp","href":"https:\/\/api.w.org\/{rel}","templated":true}]}}