{"id":1843,"date":"2024-10-10T16:42:48","date_gmt":"2024-10-10T22:42:48","guid":{"rendered":"https:\/\/xolodesignestudio.com\/?page_id=1843"},"modified":"2024-10-15T10:39:39","modified_gmt":"2024-10-15T16:39:39","slug":"casa-el-encanto","status":"publish","type":"page","link":"https:\/\/xolodesignestudio.com\/pt\/casa-el-encanto\/","title":{"rendered":"Casa el Encanto"},"content":{"rendered":"<div data-elementor-type=\"wp-page\" data-elementor-id=\"1843\" class=\"elementor elementor-1843\" data-elementor-post-type=\"page\">\n\t\t\t\t<div class=\"elementor-element elementor-element-de8c4b1 e-flex e-con-boxed e-con e-parent\" data-id=\"de8c4b1\" data-element_type=\"container\" data-settings=\"{&quot;background_background&quot;:&quot;classic&quot;}\">\n\t\t\t\t\t<div class=\"e-con-inner\">\n\t\t\t\t\t<\/div>\n\t\t\t\t<\/div>\n\t\t<div class=\"elementor-element elementor-element-f4dc746 e-flex e-con-boxed e-con e-parent\" data-id=\"f4dc746\" data-element_type=\"container\">\n\t\t\t\t\t<div class=\"e-con-inner\">\n\t\t\t\t\t<\/div>\n\t\t\t\t<\/div>\n\t\t<div class=\"elementor-element elementor-element-6e5b3c5 e-flex e-con-boxed e-con e-parent\" data-id=\"6e5b3c5\" data-element_type=\"container\">\n\t\t\t\t\t<div class=\"e-con-inner\">\n\t\t<div class=\"elementor-element elementor-element-78470d9 e-con-full e-flex e-con e-child\" data-id=\"78470d9\" data-element_type=\"container\">\n\t\t\t\t<div class=\"elementor-element elementor-element-d422bbb elementor-widget elementor-widget-text-editor\" data-id=\"d422bbb\" data-element_type=\"widget\" data-widget_type=\"text-editor.default\">\n\t\t\t\t<div class=\"elementor-widget-container\">\n\t\t\t\t\t\t\t\t\t<p><strong>Casa El Encanto<\/strong> \u00e9 um projeto marcante do Xolo Design Estudio, que combina harmoniosamente a arquitetura moderna com a eleg\u00e2ncia funcional. Este espa\u00e7o reflete conforto e sofistica\u00e7\u00e3o, com mobili\u00e1rio personalizado e detalhes decorativos \u00fanicos. Cada canto exibe um trabalho artesanal meticuloso, integrando materiais naturais e designs contempor\u00e2neos. A Casa El Encanto incorpora os valores fundamentais da Xolo: qualidade e personaliza\u00e7\u00e3o, criando um ambiente aconchegante e elegante, ideal para o dia a dia<\/p>\t\t\t\t\t\t\t\t<\/div>\n\t\t\t\t<\/div>\n\t\t\t\t<\/div>\n\t\t\t\t\t<\/div>\n\t\t\t\t<\/div>\n\t\t<div class=\"elementor-element elementor-element-6e66ff1 e-flex e-con-boxed e-con e-parent\" data-id=\"6e66ff1\" data-element_type=\"container\">\n\t\t\t\t\t<div class=\"e-con-inner\">\n\t\t<div class=\"elementor-element elementor-element-36c5ff8 e-con-full e-flex e-con e-child\" data-id=\"36c5ff8\" data-element_type=\"container\">\n\t\t\t\t<div class=\"elementor-element elementor-element-bd83c5e elementor-widget elementor-widget-image\" data-id=\"bd83c5e\" data-element_type=\"widget\" data-widget_type=\"image.default\">\n\t\t\t\t<div class=\"elementor-widget-container\">\n\t\t\t\t\t\t\t\t\t\t\t\t\t\t\t<img fetchpriority=\"high\" decoding=\"async\" width=\"800\" height=\"534\" src=\"https:\/\/xolodesignestudio.com\/wp-content\/uploads\/2024\/10\/EHV9130-1024x684.jpg\" class=\"attachment-large size-large wp-image-1852\" alt=\"\" srcset=\"https:\/\/xolodesignestudio.com\/wp-content\/uploads\/2024\/10\/EHV9130-1024x684.jpg 1024w, https:\/\/xolodesignestudio.com\/wp-content\/uploads\/2024\/10\/EHV9130-300x200.jpg 300w, https:\/\/xolodesignestudio.com\/wp-content\/uploads\/2024\/10\/EHV9130-768x513.jpg 768w, https:\/\/xolodesignestudio.com\/wp-content\/uploads\/2024\/10\/EHV9130-18x12.jpg 18w, https:\/\/xolodesignestudio.com\/wp-content\/uploads\/2024\/10\/EHV9130-600x401.jpg 600w, https:\/\/xolodesignestudio.com\/wp-content\/uploads\/2024\/10\/EHV9130.jpg 1161w\" sizes=\"(max-width: 800px) 100vw, 800px\" \/>\t\t\t\t\t\t\t\t\t\t\t\t\t\t\t<\/div>\n\t\t\t\t<\/div>\n\t\t\t\t<\/div>\n\t\t<div class=\"elementor-element elementor-element-15be3e9 e-con-full e-flex e-con e-child\" data-id=\"15be3e9\" data-element_type=\"container\">\n\t\t\t\t<div class=\"elementor-element elementor-element-594dcad elementor-widget elementor-widget-image\" data-id=\"594dcad\" data-element_type=\"widget\" data-widget_type=\"image.default\">\n\t\t\t\t<div class=\"elementor-widget-container\">\n\t\t\t\t\t\t\t\t\t\t\t\t\t\t\t<img decoding=\"async\" width=\"800\" height=\"534\" src=\"https:\/\/xolodesignestudio.com\/wp-content\/uploads\/2024\/10\/EHV9168-1024x683.jpg\" class=\"attachment-large size-large wp-image-1863\" alt=\"\" srcset=\"https:\/\/xolodesignestudio.com\/wp-content\/uploads\/2024\/10\/EHV9168-1024x683.jpg 1024w, https:\/\/xolodesignestudio.com\/wp-content\/uploads\/2024\/10\/EHV9168-300x200.jpg 300w, https:\/\/xolodesignestudio.com\/wp-content\/uploads\/2024\/10\/EHV9168-768x512.jpg 768w, https:\/\/xolodesignestudio.com\/wp-content\/uploads\/2024\/10\/EHV9168-18x12.jpg 18w, https:\/\/xolodesignestudio.com\/wp-content\/uploads\/2024\/10\/EHV9168-600x400.jpg 600w, https:\/\/xolodesignestudio.com\/wp-content\/uploads\/2024\/10\/EHV9168.jpg 1161w\" sizes=\"(max-width: 800px) 100vw, 800px\" \/>\t\t\t\t\t\t\t\t\t\t\t\t\t\t\t<\/div>\n\t\t\t\t<\/div>\n\t\t\t\t<\/div>\n\t\t<div class=\"elementor-element elementor-element-9b50bd7 e-con-full e-flex e-con e-child\" data-id=\"9b50bd7\" data-element_type=\"container\">\n\t\t\t\t<div class=\"elementor-element elementor-element-3fadfa0 elementor-widget elementor-widget-image\" data-id=\"3fadfa0\" data-element_type=\"widget\" data-widget_type=\"image.default\">\n\t\t\t\t<div class=\"elementor-widget-container\">\n\t\t\t\t\t\t\t\t\t\t\t\t\t\t\t<img decoding=\"async\" width=\"800\" height=\"534\" src=\"https:\/\/xolodesignestudio.com\/wp-content\/uploads\/2024\/10\/EHV9166-1024x683.jpg\" class=\"attachment-large size-large wp-image-1862\" alt=\"\" srcset=\"https:\/\/xolodesignestudio.com\/wp-content\/uploads\/2024\/10\/EHV9166-1024x683.jpg 1024w, https:\/\/xolodesignestudio.com\/wp-content\/uploads\/2024\/10\/EHV9166-300x200.jpg 300w, https:\/\/xolodesignestudio.com\/wp-content\/uploads\/2024\/10\/EHV9166-768x512.jpg 768w, https:\/\/xolodesignestudio.com\/wp-content\/uploads\/2024\/10\/EHV9166-18x12.jpg 18w, https:\/\/xolodesignestudio.com\/wp-content\/uploads\/2024\/10\/EHV9166-600x400.jpg 600w, https:\/\/xolodesignestudio.com\/wp-content\/uploads\/2024\/10\/EHV9166.jpg 1161w\" sizes=\"(max-width: 800px) 100vw, 800px\" \/>\t\t\t\t\t\t\t\t\t\t\t\t\t\t\t<\/div>\n\t\t\t\t<\/div>\n\t\t\t\t<\/div>\n\t\t<div class=\"elementor-element elementor-element-ab6fe77 e-con-full e-flex e-con e-child\" data-id=\"ab6fe77\" data-element_type=\"container\">\n\t\t\t\t<div class=\"elementor-element elementor-element-9b5c46b elementor-widget elementor-widget-image\" data-id=\"9b5c46b\" data-element_type=\"widget\" data-widget_type=\"image.default\">\n\t\t\t\t<div class=\"elementor-widget-container\">\n\t\t\t\t\t\t\t\t\t\t\t\t\t\t\t<img loading=\"lazy\" decoding=\"async\" width=\"800\" height=\"533\" src=\"https:\/\/xolodesignestudio.com\/wp-content\/uploads\/2024\/10\/EHV9181-1024x682.jpg\" class=\"attachment-large size-large wp-image-1865\" alt=\"\" srcset=\"https:\/\/xolodesignestudio.com\/wp-content\/uploads\/2024\/10\/EHV9181-1024x682.jpg 1024w, https:\/\/xolodesignestudio.com\/wp-content\/uploads\/2024\/10\/EHV9181-300x200.jpg 300w, https:\/\/xolodesignestudio.com\/wp-content\/uploads\/2024\/10\/EHV9181-768x512.jpg 768w, https:\/\/xolodesignestudio.com\/wp-content\/uploads\/2024\/10\/EHV9181-18x12.jpg 18w, https:\/\/xolodesignestudio.com\/wp-content\/uploads\/2024\/10\/EHV9181-600x400.jpg 600w, https:\/\/xolodesignestudio.com\/wp-content\/uploads\/2024\/10\/EHV9181.jpg 1162w\" sizes=\"(max-width: 800px) 100vw, 800px\" \/>\t\t\t\t\t\t\t\t\t\t\t\t\t\t\t<\/div>\n\t\t\t\t<\/div>\n\t\t\t\t<\/div>\n\t\t<div class=\"elementor-element elementor-element-806b245 e-con-full e-flex e-con e-child\" data-id=\"806b245\" data-element_type=\"container\">\n\t\t\t\t<div class=\"elementor-element elementor-element-5ffecf6 elementor-widget elementor-widget-image\" data-id=\"5ffecf6\" data-element_type=\"widget\" data-widget_type=\"image.default\">\n\t\t\t\t<div class=\"elementor-widget-container\">\n\t\t\t\t\t\t\t\t\t\t\t\t\t\t\t<img loading=\"lazy\" decoding=\"async\" width=\"800\" height=\"533\" src=\"https:\/\/xolodesignestudio.com\/wp-content\/uploads\/2024\/10\/EHV9184-1024x682.jpg\" class=\"attachment-large size-large wp-image-1866\" alt=\"\" srcset=\"https:\/\/xolodesignestudio.com\/wp-content\/uploads\/2024\/10\/EHV9184-1024x682.jpg 1024w, https:\/\/xolodesignestudio.com\/wp-content\/uploads\/2024\/10\/EHV9184-300x200.jpg 300w, https:\/\/xolodesignestudio.com\/wp-content\/uploads\/2024\/10\/EHV9184-768x512.jpg 768w, https:\/\/xolodesignestudio.com\/wp-content\/uploads\/2024\/10\/EHV9184-18x12.jpg 18w, https:\/\/xolodesignestudio.com\/wp-content\/uploads\/2024\/10\/EHV9184-600x400.jpg 600w, https:\/\/xolodesignestudio.com\/wp-content\/uploads\/2024\/10\/EHV9184.jpg 1162w\" sizes=\"(max-width: 800px) 100vw, 800px\" \/>\t\t\t\t\t\t\t\t\t\t\t\t\t\t\t<\/div>\n\t\t\t\t<\/div>\n\t\t\t\t<\/div>\n\t\t<div class=\"elementor-element elementor-element-ba2ac26 e-con-full e-flex e-con e-child\" data-id=\"ba2ac26\" data-element_type=\"container\">\n\t\t\t\t<div class=\"elementor-element elementor-element-3315da4 elementor-widget elementor-widget-image\" data-id=\"3315da4\" data-element_type=\"widget\" data-widget_type=\"image.default\">\n\t\t\t\t<div class=\"elementor-widget-container\">\n\t\t\t\t\t\t\t\t\t\t\t\t\t\t\t<img loading=\"lazy\" decoding=\"async\" width=\"800\" height=\"533\" src=\"https:\/\/xolodesignestudio.com\/wp-content\/uploads\/2024\/10\/EHV9188-1024x682.jpg\" class=\"attachment-large size-large wp-image-1868\" alt=\"\" srcset=\"https:\/\/xolodesignestudio.com\/wp-content\/uploads\/2024\/10\/EHV9188-1024x682.jpg 1024w, https:\/\/xolodesignestudio.com\/wp-content\/uploads\/2024\/10\/EHV9188-300x200.jpg 300w, https:\/\/xolodesignestudio.com\/wp-content\/uploads\/2024\/10\/EHV9188-768x512.jpg 768w, https:\/\/xolodesignestudio.com\/wp-content\/uploads\/2024\/10\/EHV9188-18x12.jpg 18w, https:\/\/xolodesignestudio.com\/wp-content\/uploads\/2024\/10\/EHV9188-600x400.jpg 600w, https:\/\/xolodesignestudio.com\/wp-content\/uploads\/2024\/10\/EHV9188.jpg 1162w\" sizes=\"(max-width: 800px) 100vw, 800px\" \/>\t\t\t\t\t\t\t\t\t\t\t\t\t\t\t<\/div>\n\t\t\t\t<\/div>\n\t\t\t\t<\/div>\n\t\t<div class=\"elementor-element elementor-element-6a61ea4 e-con-full e-flex e-con e-child\" data-id=\"6a61ea4\" data-element_type=\"container\">\n\t\t\t\t<div class=\"elementor-element elementor-element-502f0d3 elementor-widget elementor-widget-image\" data-id=\"502f0d3\" data-element_type=\"widget\" data-widget_type=\"image.default\">\n\t\t\t\t<div class=\"elementor-widget-container\">\n\t\t\t\t\t\t\t\t\t\t\t\t\t\t\t<img loading=\"lazy\" decoding=\"async\" width=\"800\" height=\"534\" src=\"https:\/\/xolodesignestudio.com\/wp-content\/uploads\/2024\/10\/EHV9208-1-1024x683.jpg\" class=\"attachment-large size-large wp-image-1869\" alt=\"\" srcset=\"https:\/\/xolodesignestudio.com\/wp-content\/uploads\/2024\/10\/EHV9208-1-1024x683.jpg 1024w, https:\/\/xolodesignestudio.com\/wp-content\/uploads\/2024\/10\/EHV9208-1-300x200.jpg 300w, https:\/\/xolodesignestudio.com\/wp-content\/uploads\/2024\/10\/EHV9208-1-768x512.jpg 768w, https:\/\/xolodesignestudio.com\/wp-content\/uploads\/2024\/10\/EHV9208-1-18x12.jpg 18w, https:\/\/xolodesignestudio.com\/wp-content\/uploads\/2024\/10\/EHV9208-1-600x400.jpg 600w, https:\/\/xolodesignestudio.com\/wp-content\/uploads\/2024\/10\/EHV9208-1.jpg 1162w\" sizes=\"(max-width: 800px) 100vw, 800px\" \/>\t\t\t\t\t\t\t\t\t\t\t\t\t\t\t<\/div>\n\t\t\t\t<\/div>\n\t\t\t\t<\/div>\n\t\t<div class=\"elementor-element elementor-element-4a17e09 e-con-full e-flex e-con e-child\" data-id=\"4a17e09\" data-element_type=\"container\">\n\t\t\t\t<div class=\"elementor-element elementor-element-e8a0896 elementor-widget elementor-widget-image\" data-id=\"e8a0896\" data-element_type=\"widget\" data-widget_type=\"image.default\">\n\t\t\t\t<div class=\"elementor-widget-container\">\n\t\t\t\t\t\t\t\t\t\t\t\t\t\t\t<img loading=\"lazy\" decoding=\"async\" width=\"800\" height=\"534\" src=\"https:\/\/xolodesignestudio.com\/wp-content\/uploads\/2024\/10\/EHV9213-1024x683.jpg\" class=\"attachment-large size-large wp-image-1870\" alt=\"\" srcset=\"https:\/\/xolodesignestudio.com\/wp-content\/uploads\/2024\/10\/EHV9213-1024x683.jpg 1024w, https:\/\/xolodesignestudio.com\/wp-content\/uploads\/2024\/10\/EHV9213-300x200.jpg 300w, https:\/\/xolodesignestudio.com\/wp-content\/uploads\/2024\/10\/EHV9213-768x512.jpg 768w, https:\/\/xolodesignestudio.com\/wp-content\/uploads\/2024\/10\/EHV9213-18x12.jpg 18w, https:\/\/xolodesignestudio.com\/wp-content\/uploads\/2024\/10\/EHV9213-600x400.jpg 600w, https:\/\/xolodesignestudio.com\/wp-content\/uploads\/2024\/10\/EHV9213.jpg 1161w\" sizes=\"(max-width: 800px) 100vw, 800px\" \/>\t\t\t\t\t\t\t\t\t\t\t\t\t\t\t<\/div>\n\t\t\t\t<\/div>\n\t\t\t\t<\/div>\n\t\t<div class=\"elementor-element elementor-element-d45f47a e-con-full e-flex e-con e-child\" data-id=\"d45f47a\" data-element_type=\"container\">\n\t\t\t\t<div class=\"elementor-element elementor-element-d9d585e elementor-widget elementor-widget-image\" data-id=\"d9d585e\" data-element_type=\"widget\" data-widget_type=\"image.default\">\n\t\t\t\t<div class=\"elementor-widget-container\">\n\t\t\t\t\t\t\t\t\t\t\t\t\t\t\t<img loading=\"lazy\" decoding=\"async\" width=\"800\" height=\"534\" src=\"https:\/\/xolodesignestudio.com\/wp-content\/uploads\/2024\/10\/EHV9216-1024x683.jpg\" class=\"attachment-large size-large wp-image-1871\" alt=\"\" srcset=\"https:\/\/xolodesignestudio.com\/wp-content\/uploads\/2024\/10\/EHV9216-1024x683.jpg 1024w, https:\/\/xolodesignestudio.com\/wp-content\/uploads\/2024\/10\/EHV9216-300x200.jpg 300w, https:\/\/xolodesignestudio.com\/wp-content\/uploads\/2024\/10\/EHV9216-768x512.jpg 768w, https:\/\/xolodesignestudio.com\/wp-content\/uploads\/2024\/10\/EHV9216-18x12.jpg 18w, https:\/\/xolodesignestudio.com\/wp-content\/uploads\/2024\/10\/EHV9216-600x400.jpg 600w, https:\/\/xolodesignestudio.com\/wp-content\/uploads\/2024\/10\/EHV9216.jpg 1161w\" sizes=\"(max-width: 800px) 100vw, 800px\" \/>\t\t\t\t\t\t\t\t\t\t\t\t\t\t\t<\/div>\n\t\t\t\t<\/div>\n\t\t\t\t<\/div>\n\t\t<div class=\"elementor-element elementor-element-a775fe7 e-con-full e-flex e-con e-child\" data-id=\"a775fe7\" data-element_type=\"container\">\n\t\t\t\t<div class=\"elementor-element elementor-element-fa4b41d elementor-widget elementor-widget-image\" data-id=\"fa4b41d\" data-element_type=\"widget\" data-widget_type=\"image.default\">\n\t\t\t\t<div class=\"elementor-widget-container\">\n\t\t\t\t\t\t\t\t\t\t\t\t\t\t\t<img loading=\"lazy\" decoding=\"async\" width=\"800\" height=\"533\" src=\"https:\/\/xolodesignestudio.com\/wp-content\/uploads\/2024\/10\/EHV9276-1024x682.jpg\" class=\"attachment-large size-large wp-image-1878\" alt=\"\" srcset=\"https:\/\/xolodesignestudio.com\/wp-content\/uploads\/2024\/10\/EHV9276-1024x682.jpg 1024w, https:\/\/xolodesignestudio.com\/wp-content\/uploads\/2024\/10\/EHV9276-300x200.jpg 300w, https:\/\/xolodesignestudio.com\/wp-content\/uploads\/2024\/10\/EHV9276-768x512.jpg 768w, https:\/\/xolodesignestudio.com\/wp-content\/uploads\/2024\/10\/EHV9276-18x12.jpg 18w, https:\/\/xolodesignestudio.com\/wp-content\/uploads\/2024\/10\/EHV9276-600x400.jpg 600w, https:\/\/xolodesignestudio.com\/wp-content\/uploads\/2024\/10\/EHV9276.jpg 1162w\" sizes=\"(max-width: 800px) 100vw, 800px\" \/>\t\t\t\t\t\t\t\t\t\t\t\t\t\t\t<\/div>\n\t\t\t\t<\/div>\n\t\t\t\t<\/div>\n\t\t<div class=\"elementor-element elementor-element-b6f6000 e-con-full e-flex e-con e-child\" data-id=\"b6f6000\" data-element_type=\"container\">\n\t\t\t\t<div class=\"elementor-element elementor-element-ce89fd7 elementor-widget elementor-widget-image\" data-id=\"ce89fd7\" data-element_type=\"widget\" data-widget_type=\"image.default\">\n\t\t\t\t<div class=\"elementor-widget-container\">\n\t\t\t\t\t\t\t\t\t\t\t\t\t\t\t<img loading=\"lazy\" decoding=\"async\" width=\"800\" height=\"534\" src=\"https:\/\/xolodesignestudio.com\/wp-content\/uploads\/2024\/10\/EHV9279-1-1024x683.jpg\" class=\"attachment-large size-large wp-image-1879\" alt=\"\" srcset=\"https:\/\/xolodesignestudio.com\/wp-content\/uploads\/2024\/10\/EHV9279-1-1024x683.jpg 1024w, https:\/\/xolodesignestudio.com\/wp-content\/uploads\/2024\/10\/EHV9279-1-300x200.jpg 300w, https:\/\/xolodesignestudio.com\/wp-content\/uploads\/2024\/10\/EHV9279-1-768x512.jpg 768w, https:\/\/xolodesignestudio.com\/wp-content\/uploads\/2024\/10\/EHV9279-1-18x12.jpg 18w, https:\/\/xolodesignestudio.com\/wp-content\/uploads\/2024\/10\/EHV9279-1-600x400.jpg 600w, https:\/\/xolodesignestudio.com\/wp-content\/uploads\/2024\/10\/EHV9279-1.jpg 1155w\" sizes=\"(max-width: 800px) 100vw, 800px\" \/>\t\t\t\t\t\t\t\t\t\t\t\t\t\t\t<\/div>\n\t\t\t\t<\/div>\n\t\t\t\t<\/div>\n\t\t<div class=\"elementor-element elementor-element-9005040 e-con-full e-flex e-con e-child\" data-id=\"9005040\" data-element_type=\"container\">\n\t\t\t\t<div class=\"elementor-element elementor-element-76a007d elementor-widget elementor-widget-image\" data-id=\"76a007d\" data-element_type=\"widget\" data-widget_type=\"image.default\">\n\t\t\t\t<div class=\"elementor-widget-container\">\n\t\t\t\t\t\t\t\t\t\t\t\t\t\t\t<img loading=\"lazy\" decoding=\"async\" width=\"800\" height=\"533\" src=\"https:\/\/xolodesignestudio.com\/wp-content\/uploads\/2024\/10\/EHV9324-1024x682.jpg\" class=\"attachment-large size-large wp-image-1888\" alt=\"\" srcset=\"https:\/\/xolodesignestudio.com\/wp-content\/uploads\/2024\/10\/EHV9324-1024x682.jpg 1024w, https:\/\/xolodesignestudio.com\/wp-content\/uploads\/2024\/10\/EHV9324-300x200.jpg 300w, https:\/\/xolodesignestudio.com\/wp-content\/uploads\/2024\/10\/EHV9324-768x512.jpg 768w, https:\/\/xolodesignestudio.com\/wp-content\/uploads\/2024\/10\/EHV9324-18x12.jpg 18w, https:\/\/xolodesignestudio.com\/wp-content\/uploads\/2024\/10\/EHV9324-600x400.jpg 600w, https:\/\/xolodesignestudio.com\/wp-content\/uploads\/2024\/10\/EHV9324.jpg 1160w\" sizes=\"(max-width: 800px) 100vw, 800px\" \/>\t\t\t\t\t\t\t\t\t\t\t\t\t\t\t<\/div>\n\t\t\t\t<\/div>\n\t\t\t\t<\/div>\n\t\t<div class=\"elementor-element elementor-element-1cf8a64 e-con-full e-flex e-con e-child\" data-id=\"1cf8a64\" data-element_type=\"container\">\n\t\t\t\t<div class=\"elementor-element elementor-element-d3c8ce3 elementor-widget elementor-widget-image\" data-id=\"d3c8ce3\" data-element_type=\"widget\" data-widget_type=\"image.default\">\n\t\t\t\t<div class=\"elementor-widget-container\">\n\t\t\t\t\t\t\t\t\t\t\t\t\t\t\t<img loading=\"lazy\" decoding=\"async\" width=\"800\" height=\"534\" src=\"https:\/\/xolodesignestudio.com\/wp-content\/uploads\/2024\/10\/EHV9261-1024x683.jpg\" class=\"attachment-large size-large wp-image-1875\" alt=\"\" srcset=\"https:\/\/xolodesignestudio.com\/wp-content\/uploads\/2024\/10\/EHV9261-1024x683.jpg 1024w, https:\/\/xolodesignestudio.com\/wp-content\/uploads\/2024\/10\/EHV9261-300x200.jpg 300w, https:\/\/xolodesignestudio.com\/wp-content\/uploads\/2024\/10\/EHV9261-768x512.jpg 768w, https:\/\/xolodesignestudio.com\/wp-content\/uploads\/2024\/10\/EHV9261-18x12.jpg 18w, https:\/\/xolodesignestudio.com\/wp-content\/uploads\/2024\/10\/EHV9261-600x400.jpg 600w, https:\/\/xolodesignestudio.com\/wp-content\/uploads\/2024\/10\/EHV9261.jpg 1140w\" sizes=\"(max-width: 800px) 100vw, 800px\" \/>\t\t\t\t\t\t\t\t\t\t\t\t\t\t\t<\/div>\n\t\t\t\t<\/div>\n\t\t\t\t<\/div>\n\t\t<div class=\"elementor-element elementor-element-d445179 e-con-full e-flex e-con e-child\" data-id=\"d445179\" data-element_type=\"container\">\n\t\t\t\t<div class=\"elementor-element elementor-element-4e8048a elementor-widget elementor-widget-image\" data-id=\"4e8048a\" data-element_type=\"widget\" data-widget_type=\"image.default\">\n\t\t\t\t<div class=\"elementor-widget-container\">\n\t\t\t\t\t\t\t\t\t\t\t\t\t\t\t<img loading=\"lazy\" decoding=\"async\" width=\"800\" height=\"534\" src=\"https:\/\/xolodesignestudio.com\/wp-content\/uploads\/2024\/10\/EHV9330-1024x683.jpg\" class=\"attachment-large size-large wp-image-1890\" alt=\"\" srcset=\"https:\/\/xolodesignestudio.com\/wp-content\/uploads\/2024\/10\/EHV9330-1024x683.jpg 1024w, https:\/\/xolodesignestudio.com\/wp-content\/uploads\/2024\/10\/EHV9330-300x200.jpg 300w, https:\/\/xolodesignestudio.com\/wp-content\/uploads\/2024\/10\/EHV9330-768x512.jpg 768w, https:\/\/xolodesignestudio.com\/wp-content\/uploads\/2024\/10\/EHV9330-18x12.jpg 18w, https:\/\/xolodesignestudio.com\/wp-content\/uploads\/2024\/10\/EHV9330-600x400.jpg 600w, https:\/\/xolodesignestudio.com\/wp-content\/uploads\/2024\/10\/EHV9330.jpg 1161w\" sizes=\"(max-width: 800px) 100vw, 800px\" \/>\t\t\t\t\t\t\t\t\t\t\t\t\t\t\t<\/div>\n\t\t\t\t<\/div>\n\t\t\t\t<\/div>\n\t\t\t\t\t<\/div>\n\t\t\t\t<\/div>\n\t\t\t\t<\/div>","protected":false},"excerpt":{"rendered":"<p>Casa El Encanto es un proyecto destacado de Xolo Design Estudio, que combina de manera armoniosa la arquitectura moderna con la elegancia funcional. Este espacio refleja confort y sofisticaci\u00f3n, con muebles personalizados y detalles decorativos \u00fanicos. Cada rinc\u00f3n muestra una artesan\u00eda meticulosa, integrando materiales naturales y dise\u00f1os contempor\u00e1neos. Casa El Encanto encarna los valores fundamentales [&hellip;]<\/p>","protected":false},"author":1,"featured_media":0,"parent":0,"menu_order":0,"comment_status":"closed","ping_status":"closed","template":"","meta":{"footnotes":""},"class_list":["post-1843","page","type-page","status-publish","hentry"],"_links":{"self":[{"href":"https:\/\/xolodesignestudio.com\/pt\/wp-json\/wp\/v2\/pages\/1843","targetHints":{"allow":["GET"]}}],"collection":[{"href":"https:\/\/xolodesignestudio.com\/pt\/wp-json\/wp\/v2\/pages"}],"about":[{"href":"https:\/\/xolodesignestudio.com\/pt\/wp-json\/wp\/v2\/types\/page"}],"author":[{"embeddable":true,"href":"https:\/\/xolodesignestudio.com\/pt\/wp-json\/wp\/v2\/users\/1"}],"replies":[{"embeddable":true,"href":"https:\/\/xolodesignestudio.com\/pt\/wp-json\/wp\/v2\/comments?post=1843"}],"version-history":[{"count":28,"href":"https:\/\/xolodesignestudio.com\/pt\/wp-json\/wp\/v2\/pages\/1843\/revisions"}],"predecessor-version":[{"id":1979,"href":"https:\/\/xolodesignestudio.com\/pt\/wp-json\/wp\/v2\/pages\/1843\/revisions\/1979"}],"wp:attachment":[{"href":"https:\/\/xolodesignestudio.com\/pt\/wp-json\/wp\/v2\/media?parent=1843"}],"curies":[{"name":"wp","href":"https:\/\/api.w.org\/{rel}","templated":true}]}}