{"id":2138,"date":"2024-10-16T09:41:44","date_gmt":"2024-10-16T15:41:44","guid":{"rendered":"https:\/\/xolodesignestudio.com\/?page_id=2138"},"modified":"2024-10-16T15:11:16","modified_gmt":"2024-10-16T21:11:16","slug":"condiciones-de-venta","status":"publish","type":"page","link":"https:\/\/xolodesignestudio.com\/pt\/condiciones-de-venta\/","title":{"rendered":"Condi\u00e7\u00f5es de venda"},"content":{"rendered":"<div data-elementor-type=\"wp-page\" data-elementor-id=\"2138\" class=\"elementor elementor-2138\" data-elementor-post-type=\"page\">\n\t\t\t\t<div class=\"elementor-element elementor-element-1f7432db e-flex e-con-boxed e-con e-parent\" data-id=\"1f7432db\" data-element_type=\"container\" data-settings=\"{&quot;background_background&quot;:&quot;gradient&quot;}\">\n\t\t\t\t\t<div class=\"e-con-inner\">\n\t\t\t\t<div class=\"elementor-element elementor-element-a34d99c elementor-widget elementor-widget-heading\" data-id=\"a34d99c\" data-element_type=\"widget\" data-widget_type=\"heading.default\">\n\t\t\t\t<div class=\"elementor-widget-container\">\n\t\t\t\t\t<h1 class=\"elementor-heading-title elementor-size-default\">Termos e Condi\u00e7\u00f5es de Venda<\/h1>\t\t\t\t<\/div>\n\t\t\t\t<\/div>\n\t\t\t\t<div class=\"elementor-element elementor-element-5a870302 elementor-widget elementor-widget-text-editor\" data-id=\"5a870302\" data-element_type=\"widget\" data-widget_type=\"text-editor.default\">\n\t\t\t\t<div class=\"elementor-widget-container\">\n\t\t\t\t\t\t\t\t\t<p class=\"translation-block\">Ao realizar uma compra no <strong>Xolo Design Estudio<\/strong> , voc\u00ea aceita os seguintes Termos e Condi\u00e7\u00f5es de Venda. Recomendamos que voc\u00ea leia estas informa\u00e7\u00f5es com aten\u00e7\u00e3o antes de finalizar sua compra.<\/p><h4><strong>Disponibilidade do produto<\/strong><\/h4><p>Todos os produtos que aparecem na nossa loja est\u00e3o sujeitos a disponibilidade. Se um artigo n\u00e3o estiver dispon\u00edvel no momento em que fizer a sua encomenda, iremos inform\u00e1-lo o mais rapidamente poss\u00edvel e oferecer-lhe op\u00e7\u00f5es alternativas, como aguardar o reabastecimento, mudar para outro produto ou proceder ao reembolso.<\/p><h4><strong>Pre\u00e7os<\/strong><\/h4><p>Os pre\u00e7os dos nossos produtos s\u00e3o expressos em pesos mexicanos (MXN) e, quando aplic\u00e1vel, em d\u00f3lares dos Estados Unidos (USD) para envios internacionais. Todos os pre\u00e7os incluem impostos, mas n\u00e3o incluem custos de envio, que ser\u00e3o calculados durante a finaliza\u00e7\u00e3o da compra.<\/p><p>Reservamo-nos o direito de modificar os pre\u00e7os a qualquer momento sem aviso pr\u00e9vio. No entanto, o pre\u00e7o aplicado ser\u00e1 o que estiver em vigor no momento da compra.<\/p><h4><strong>Promo\u00e7\u00f5es e descontos<\/strong><\/h4><p>Quaisquer promo\u00e7\u00f5es ou descontos aplic\u00e1veis ser\u00e3o claramente especificados na loja online. As promo\u00e7\u00f5es e ofertas s\u00e3o v\u00e1lidas apenas durante o per\u00edodo indicado e est\u00e3o sujeitas \u00e0s condi\u00e7\u00f5es espec\u00edficas de cada promo\u00e7\u00e3o.<\/p><p>As promo\u00e7\u00f5es n\u00e3o s\u00e3o cumulativas, salvo indica\u00e7\u00e3o expressa em contr\u00e1rio.<\/p><h4><strong>M\u00e9todos de pagamento<\/strong><\/h4><p>Em <strong>Est\u00fadio Xolo Design<\/strong> Aceitamos os seguintes m\u00e9todos de pagamento:<\/p><ul><li>Cart\u00f5es de cr\u00e9dito e d\u00e9bito (Visa, MasterCard, American Express)<\/li><li>Transfer\u00eancias banc\u00e1rias<\/li><li>Pagamentos atrav\u00e9s de plataformas seguras (PayPal ou outros provedores de pagamento)<\/li><\/ul><p>Todos os pagamentos s\u00e3o processados com seguran\u00e7a atrav\u00e9s de provedores de pagamento confi\u00e1veis. Levamos muito a s\u00e9rio a prote\u00e7\u00e3o dos seus dados, por isso utilizamos sistemas criptografados para garantir a seguran\u00e7a das informa\u00e7\u00f5es pessoais e financeiras dos nossos clientes.<\/p><h4><strong>Confirma\u00e7\u00e3o do pedido<\/strong><\/h4><p>Ap\u00f3s efetuar a compra, voc\u00ea receber\u00e1 um e-mail de confirma\u00e7\u00e3o com os detalhes do seu pedido. Revise todas as informa\u00e7\u00f5es para garantir que estejam corretas. Se voc\u00ea descobrir algum erro ou precisar fazer altera\u00e7\u00f5es, entre em contato conosco imediatamente em [e-mail de contato] para que possamos ajud\u00e1-lo.<\/p><h4><strong>Pol\u00edtica de cancelamento<\/strong><\/h4><p>Se desejar cancelar seu pedido, avise-nos o mais r\u00e1pido poss\u00edvel enviando um e-mail para [e-mail de contato] ou ligando para [n\u00famero de contato]. Cancelamentos s\u00f3 ser\u00e3o aceitos se o pedido ainda n\u00e3o tiver sido enviado. Se a sua encomenda j\u00e1 foi processada e enviada, dever\u00e1 seguir o procedimento de devolu\u00e7\u00e3o indicado na nossa\u00a0<a href=\"https:\/\/xolodesignestudio.com\/pt\/envios_devoluciones\/\" target=\"_blank\" rel=\"noopener\">Pol\u00edtica de Envios e Devolu\u00e7\u00f5es<\/a>.<\/p><h4><strong>Produtos personalizados e sob medida<\/strong><\/h4><p class=\"translation-block\">Os produtos personalizados ou sob medida s\u00e3o fabricados especificamente sob as necessidades do cliente e, portanto, n\u00e3o podem ser devolvidos ou reembolsados, exceto em caso de defeitos de fabrica\u00e7\u00e3o ou erros cometidos pelo <strong>Xolo Design Estudio<\/strong> .<\/p><p>\u00c9 importante que voc\u00ea verifique e confirme todos os detalhes relacionados aos produtos personalizados antes de fazer seu pedido. Caso tenha alguma d\u00favida, n\u00e3o hesite em contactar-nos para mais informa\u00e7\u00f5es ou para esclarecer quaisquer detalhes.<\/p><h4><strong>Responsabilidade do Cliente<\/strong><\/h4><p class=\"translation-block\">\u00c9 responsabilidade do cliente fornecer informa\u00e7\u00f5es precisas de envio e contato durante o processo de compra. <strong>A Xolo Design Estudio<\/strong> n\u00e3o se responsabiliza por atrasos ou problemas na entrega devido a informa\u00e7\u00f5es incorretas ou incompletas fornecidas pelo cliente.<\/p><p>Al\u00e9m disso, o cliente \u00e9 respons\u00e1vel pela inspe\u00e7\u00e3o dos produtos no momento da entrega. Se detectar algum dano ou defeito no produto, entre em contato conosco imediatamente para que possamos ajud\u00e1-lo no processo de reclama\u00e7\u00e3o.<\/p><h4><strong>Garantias<\/strong><\/h4><p>Nossos produtos possuem garantia contra defeitos de fabrica\u00e7\u00e3o. Se o produto que voc\u00ea receber estiver com defeito, avise-nos dentro de 14 dias \u00fateis ap\u00f3s a entrega para que possamos oferecer uma solu\u00e7\u00e3o, seja uma substitui\u00e7\u00e3o ou um reembolso.<\/p><p>Esta garantia n\u00e3o cobre danos causados por uso indevido, desgaste normal, acidentes ou modifica\u00e7\u00f5es feitas pelo cliente.<\/p><h4><strong>Lei aplic\u00e1vel<\/strong><\/h4><p>Estes Termos e Condi\u00e7\u00f5es de Venda est\u00e3o sujeitos \u00e0s leis em vigor no M\u00e9xico. Em caso de qualquer disputa ou reclama\u00e7\u00e3o, as partes submeter-se-\u00e3o aos tribunais competentes do pa\u00eds.<\/p><h4><strong>Modifica\u00e7\u00f5es nos termos<\/strong><\/h4><p class=\"translation-block\"><strong>Xolo Design Estudio<\/strong> reserva-se o direito de modificar estes Termos e Condi\u00e7\u00f5es de Venda a qualquer momento. Quaisquer altera\u00e7\u00f5es ser\u00e3o publicadas em nosso site e ser\u00e3o aplicadas a todas as compras feitas a partir da data da modifica\u00e7\u00e3o.<\/p><p>\u00a0<\/p><hr \/><p>Se voc\u00ea tiver d\u00favidas ou precisar de assist\u00eancia adicional, entre em contato conosco em\u00a0<a href=\"mailto:info@xolodesignestudio.com\" target=\"_blank\" rel=\"noopener\">info@xolodesignestudio.com\u00a0<\/a>ou para\u00a0<a href=\"tel:+52 55 4885 7010\" target=\"_blank\" rel=\"noopener\">+52 55 4885 7010<\/a>. Estamos empenhados em oferecer-lhe o melhor servi\u00e7o poss\u00edvel.<\/p>\t\t\t\t\t\t\t\t<\/div>\n\t\t\t\t<\/div>\n\t\t\t\t\t<\/div>\n\t\t\t\t<\/div>\n\t\t\t\t<\/div>","protected":false},"excerpt":{"rendered":"<p>T\u00e9rminos y Condiciones de Venta Al realizar una compra en Xolo Design Estudio, aceptas los siguientes T\u00e9rminos y Condiciones de Venta. Te recomendamos leer cuidadosamente esta informaci\u00f3n antes de completar tu compra. Disponibilidad de productos Todos los productos que aparecen en nuestra tienda est\u00e1n sujetos a disponibilidad. Si alg\u00fan art\u00edculo no est\u00e1 disponible en el [&hellip;]<\/p>","protected":false},"author":1,"featured_media":0,"parent":0,"menu_order":0,"comment_status":"closed","ping_status":"closed","template":"","meta":{"footnotes":""},"class_list":["post-2138","page","type-page","status-publish","hentry"],"_links":{"self":[{"href":"https:\/\/xolodesignestudio.com\/pt\/wp-json\/wp\/v2\/pages\/2138","targetHints":{"allow":["GET"]}}],"collection":[{"href":"https:\/\/xolodesignestudio.com\/pt\/wp-json\/wp\/v2\/pages"}],"about":[{"href":"https:\/\/xolodesignestudio.com\/pt\/wp-json\/wp\/v2\/types\/page"}],"author":[{"embeddable":true,"href":"https:\/\/xolodesignestudio.com\/pt\/wp-json\/wp\/v2\/users\/1"}],"replies":[{"embeddable":true,"href":"https:\/\/xolodesignestudio.com\/pt\/wp-json\/wp\/v2\/comments?post=2138"}],"version-history":[{"count":37,"href":"https:\/\/xolodesignestudio.com\/pt\/wp-json\/wp\/v2\/pages\/2138\/revisions"}],"predecessor-version":[{"id":2219,"href":"https:\/\/xolodesignestudio.com\/pt\/wp-json\/wp\/v2\/pages\/2138\/revisions\/2219"}],"wp:attachment":[{"href":"https:\/\/xolodesignestudio.com\/pt\/wp-json\/wp\/v2\/media?parent=2138"}],"curies":[{"name":"wp","href":"https:\/\/api.w.org\/{rel}","templated":true}]}}