{"id":3,"date":"2024-09-04T16:00:03","date_gmt":"2024-09-04T16:00:03","guid":{"rendered":"http:\/\/xolodesignestudio.com\/?page_id=3"},"modified":"2024-10-16T15:12:48","modified_gmt":"2024-10-16T21:12:48","slug":"privacy-policy","status":"publish","type":"page","link":"https:\/\/xolodesignestudio.com\/pt\/privacy-policy\/","title":{"rendered":"pol\u00edtica de Privacidade"},"content":{"rendered":"<div data-elementor-type=\"wp-page\" data-elementor-id=\"3\" class=\"elementor elementor-3\" data-elementor-post-type=\"page\">\n\t\t\t\t<div class=\"elementor-element elementor-element-f5cbbd2 e-flex e-con-boxed e-con e-parent\" data-id=\"f5cbbd2\" data-element_type=\"container\" data-settings=\"{&quot;background_background&quot;:&quot;gradient&quot;}\">\n\t\t\t\t\t<div class=\"e-con-inner\">\n\t\t\t\t<div class=\"elementor-element elementor-element-93c4ee2 elementor-widget elementor-widget-heading\" data-id=\"93c4ee2\" data-element_type=\"widget\" data-widget_type=\"heading.default\">\n\t\t\t\t<div class=\"elementor-widget-container\">\n\t\t\t\t\t<h1 class=\"elementor-heading-title elementor-size-default\">pol\u00edtica de Privacidade<\/h1>\t\t\t\t<\/div>\n\t\t\t\t<\/div>\n\t\t\t\t<div class=\"elementor-element elementor-element-c3694f4 elementor-widget elementor-widget-text-editor\" data-id=\"c3694f4\" data-element_type=\"widget\" data-widget_type=\"text-editor.default\">\n\t\t\t\t<div class=\"elementor-widget-container\">\n\t\t\t\t\t\t\t\t\t<p class=\"translation-block\">No <strong>Xolo Design Estudio<\/strong> , temos o compromisso de proteger a privacidade de nossos clientes. Esta Pol\u00edtica de Privacidade descreve como coletamos, usamos, compartilhamos e protegemos suas informa\u00e7\u00f5es pessoais quando voc\u00ea interage com nosso site e servi\u00e7os. Ao utilizar nosso site, voc\u00ea concorda com os termos desta pol\u00edtica.<\/p>\n<h4><strong>1. Informa\u00e7\u00f5es que coletamos<\/strong><\/h4>\n<p>Recolhemos informa\u00e7\u00f5es pessoais dos nossos clientes quando estes fazem uma encomenda, registam-se no nosso site ou comunicam connosco. As informa\u00e7\u00f5es que podemos coletar incluem:<\/p>\n<ul>\n<li>Nome<\/li>\n<li>E-mail<\/li>\n<li>Endere\u00e7o para correspond\u00eancia<\/li>\n<li>N\u00famero de telefone<\/li>\n<li>Informa\u00e7\u00f5es de pagamento (como n\u00fameros de cart\u00e3o de cr\u00e9dito, que s\u00e3o processados por meio de um provedor de servi\u00e7os de pagamento seguro)<\/li>\n<li>Detalhes dos produtos adquiridos\n<\/li>\n<\/ul>\n<h4><strong>2. Uso da informa\u00e7\u00e3o<\/strong><\/h4>\n<p>Usamos as informa\u00e7\u00f5es que coletamos para os seguintes fins:<\/p>\n<ul>\n<li>Processe e gerencie seus pedidos.<\/li>\n<li>Comunicar com voc\u00ea sobre seu pedido, incluindo confirma\u00e7\u00e3o de envio e entrega.<\/li>\n<li>Forne\u00e7a atendimento ao cliente e responda \u00e0s suas d\u00favidas.<\/li>\n<li>Enviar e-mails sobre novos produtos, ofertas especiais e outras atualiza\u00e7\u00f5es, caso tenha consentido em receber comunica\u00e7\u00f5es de marketing.<\/li>\n<li>Melhorar o nosso website e servi\u00e7os, bem como analisar o comportamento dos utilizadores.\n<\/li>\n<\/ul>\n<h4><strong>3. Compartilhe informa\u00e7\u00f5es<\/strong><\/h4>\n<p>N\u00e3o vendemos, alugamos ou comercializamos suas informa\u00e7\u00f5es pessoais com terceiros. No entanto, poderemos partilhar as suas informa\u00e7\u00f5es com terceiros nas seguintes circunst\u00e2ncias:<\/p>\n<ul>\n<li>Com prestadores de servi\u00e7os de pagamento e log\u00edstica para processar suas transa\u00e7\u00f5es e enviar seus pedidos.<\/li>\n<li>Para cumprir leis, regulamentos ou requisitos legais, ou em resposta a solicita\u00e7\u00f5es legais.\n<\/li>\n<\/ul>\n<h4><strong>4. Seguran\u00e7a da informa\u00e7\u00e3o<\/strong><\/h4>\n<p>Tomamos medidas razo\u00e1veis para proteger suas informa\u00e7\u00f5es pessoais contra acesso n\u00e3o autorizado, uso indevido ou divulga\u00e7\u00e3o. Usamos tecnologia de criptografia e protocolos de seguran\u00e7a online para proteger as informa\u00e7\u00f5es que coletamos. No entanto, observe que nenhum m\u00e9todo de transmiss\u00e3o pela Internet ou m\u00e9todo de armazenamento eletr\u00f4nico \u00e9 100% seguro.<\/p>\n<h4><strong>5. Direitos do usu\u00e1rio<\/strong><\/h4>\n<p class=\"translation-block\">Voc\u00ea tem o direito de acessar, corrigir ou excluir suas informa\u00e7\u00f5es pessoais a qualquer momento. Caso pretenda exercer estes direitos, pode contactar-nos atrav\u00e9s do email <a href=\"mailto:info@xolodesignestudio.com\" target=\"_blank\">info@xolodesignestudio.com<\/a> .<\/p>\n<h4><strong>6. Cookies e tecnologias de rastreamento<\/strong><\/h4>\n<p>Nosso site pode usar \u201ccookies\u201d e tecnologias semelhantes para melhorar a experi\u00eancia do usu\u00e1rio. Cookies s\u00e3o pequenos arquivos de dados que s\u00e3o armazenados no seu dispositivo quando voc\u00ea visita nosso site. Voc\u00ea pode configurar seu navegador para rejeitar todos os cookies ou para notific\u00e1-lo quando eles forem enviados. No entanto, se optar por n\u00e3o aceitar cookies, poder\u00e1 n\u00e3o conseguir utilizar algumas funcionalidades do nosso site.<\/p>\n<h4><strong>7. Altera\u00e7\u00f5es nesta Pol\u00edtica de Privacidade<\/strong><\/h4>\n<p>Reservamo-nos o direito de atualizar ou modificar esta Pol\u00edtica de Privacidade a qualquer momento. Quaisquer altera\u00e7\u00f5es ser\u00e3o publicadas nesta p\u00e1gina, e a data de revis\u00e3o ser\u00e1 atualizada no final desta pol\u00edtica. Recomendamos que voc\u00ea revise periodicamente esta pol\u00edtica para estar ciente de quaisquer altera\u00e7\u00f5es.<\/p>\n<h4><strong>8. Contato<\/strong><\/h4>\n<p class=\"translation-block\">Se voc\u00ea tiver d\u00favidas ou preocupa\u00e7\u00f5es sobre nossa Pol\u00edtica de Privacidade, n\u00e3o hesite em nos contatar em <a href=\"mailto:info@xolodesignestudio.com\" target=\"_blank\" rel=\"noopener\">info@xolodesignestudio.com<\/a> ou <a href=\"tel:+52 55 4885 7010\" target=\"_blank\" rel=\"noopener\">+52 55 4885 7010<\/a> .<\/p>\t\t\t\t\t\t\t\t<\/div>\n\t\t\t\t<\/div>\n\t\t\t\t\t<\/div>\n\t\t\t\t<\/div>\n\t\t\t\t<\/div>","protected":false},"excerpt":{"rendered":"<p>Pol\u00edtica de Privacidad En Xolo Design Estudio, estamos comprometidos a proteger la privacidad de nuestros clientes. Esta Pol\u00edtica de Privacidad describe c\u00f3mo recopilamos, usamos, compartimos y protegemos tu informaci\u00f3n personal al interactuar con nuestro sitio web y servicios. Al utilizar nuestro sitio, aceptas los t\u00e9rminos de esta pol\u00edtica. 1. Informaci\u00f3n que recopilamos Recopilamos informaci\u00f3n personal [&hellip;]<\/p>","protected":false},"author":1,"featured_media":0,"parent":0,"menu_order":0,"comment_status":"closed","ping_status":"open","template":"","meta":{"footnotes":""},"class_list":["post-3","page","type-page","status-publish","hentry"],"_links":{"self":[{"href":"https:\/\/xolodesignestudio.com\/pt\/wp-json\/wp\/v2\/pages\/3","targetHints":{"allow":["GET"]}}],"collection":[{"href":"https:\/\/xolodesignestudio.com\/pt\/wp-json\/wp\/v2\/pages"}],"about":[{"href":"https:\/\/xolodesignestudio.com\/pt\/wp-json\/wp\/v2\/types\/page"}],"author":[{"embeddable":true,"href":"https:\/\/xolodesignestudio.com\/pt\/wp-json\/wp\/v2\/users\/1"}],"replies":[{"embeddable":true,"href":"https:\/\/xolodesignestudio.com\/pt\/wp-json\/wp\/v2\/comments?post=3"}],"version-history":[{"count":9,"href":"https:\/\/xolodesignestudio.com\/pt\/wp-json\/wp\/v2\/pages\/3\/revisions"}],"predecessor-version":[{"id":2225,"href":"https:\/\/xolodesignestudio.com\/pt\/wp-json\/wp\/v2\/pages\/3\/revisions\/2225"}],"wp:attachment":[{"href":"https:\/\/xolodesignestudio.com\/pt\/wp-json\/wp\/v2\/media?parent=3"}],"curies":[{"name":"wp","href":"https:\/\/api.w.org\/{rel}","templated":true}]}}