{"id":50,"date":"2024-09-09T16:34:25","date_gmt":"2024-09-09T22:34:25","guid":{"rendered":"https:\/\/xolodesignestudio.com\/?page_id=50"},"modified":"2024-10-16T15:11:54","modified_gmt":"2024-10-16T21:11:54","slug":"envios_devoluciones","status":"publish","type":"page","link":"https:\/\/xolodesignestudio.com\/pt\/envios_devoluciones\/","title":{"rendered":"Env\u00edos y devoluciones"},"content":{"rendered":"<div data-elementor-type=\"wp-page\" data-elementor-id=\"50\" class=\"elementor elementor-50\" data-elementor-post-type=\"page\">\n\t\t\t\t<div class=\"elementor-element elementor-element-1f7432db e-flex e-con-boxed e-con e-parent\" data-id=\"1f7432db\" data-element_type=\"container\" data-settings=\"{&quot;background_background&quot;:&quot;gradient&quot;}\">\n\t\t\t\t\t<div class=\"e-con-inner\">\n\t\t\t\t<div class=\"elementor-element elementor-element-a34d99c elementor-widget elementor-widget-heading\" data-id=\"a34d99c\" data-element_type=\"widget\" data-widget_type=\"heading.default\">\n\t\t\t\t<div class=\"elementor-widget-container\">\n\t\t\t\t\t<h1 class=\"elementor-heading-title elementor-size-default\">Pol\u00edtica de Envios e Devolu\u00e7\u00f5es<\/h1>\t\t\t\t<\/div>\n\t\t\t\t<\/div>\n\t\t\t\t<div class=\"elementor-element elementor-element-5a870302 elementor-widget elementor-widget-text-editor\" data-id=\"5a870302\" data-element_type=\"widget\" data-widget_type=\"text-editor.default\">\n\t\t\t\t<div class=\"elementor-widget-container\">\n\t\t\t\t\t\t\t\t\t<h4><strong>Envio<\/strong><\/h4>\n<p class=\"translation-block\">No <strong>Xolo Design Estudio<\/strong> garantimos que sua compra chegue com seguran\u00e7a e dentro do prazo. Abaixo, explicamos detalhadamente o processo de envio:<\/p>\n<p class=\"translation-block\"><strong>Processamento do pedido<\/strong> : Assim que voc\u00ea fizer sua compra, come\u00e7aremos a processar seu pedido. O tempo de processamento \u00e9 de 5 a 10 dias \u00fateis, dependendo do produto e da demanda atual. Receber\u00e1 um email de confirma\u00e7\u00e3o com os dados da sua encomenda e, posteriormente, uma notifica\u00e7\u00e3o quando a sua encomenda for expedida.<\/p>\n<p class=\"translation-block\"><strong>Custos de envio<\/strong> : Os custos de envio s\u00e3o calculados automaticamente no checkout, com base no tamanho, peso do produto e local de entrega. Esses custos ser\u00e3o exibidos claramente antes de voc\u00ea confirmar seu pedido.<\/p>\n<p class=\"translation-block\"><strong>\u00c1reas de envio<\/strong> : Enviamos para todo o M\u00e9xico e Estados Unidos (EUA). Para envio fora dessas \u00e1reas, entre em contato conosco diretamente para discutir op\u00e7\u00f5es de envio personalizado. Observe que quaisquer taxas, impostos ou taxas adicionais associadas ao envio internacional s\u00e3o de responsabilidade do cliente.<\/p>\n<p><strong>Tempos de envio<\/strong>:<\/p>\n<ul>\n<li class=\"translation-block\"><strong>Envio dentro do M\u00e9xico<\/strong> : O prazo estimado de entrega \u00e9 de 7 a 15 dias \u00fateis ap\u00f3s o processamento do pedido.<\/li>\n<li class=\"translation-block\"><strong>Envio para os Estados Unidos<\/strong> : O tempo estimado de entrega \u00e9 de 10 a 20 dias \u00fateis, dependendo da localiza\u00e7\u00e3o.<\/li>\n<\/ul>\n<div><\/div>\n<p>Para produtos personalizados ou de maior dimens\u00e3o, o prazo de entrega poder\u00e1 ser alargado, mas ser\u00e1 informado de eventuais atrasos.<\/p>\n<p class=\"translation-block\"><strong>Rastreamento do pedido<\/strong> : Assim que seu pedido for enviado, voc\u00ea receber\u00e1 um n\u00famero de rastreamento para que possa acompanhar o status do seu pacote a qualquer momento. Se voc\u00ea tiver alguma d\u00favida sobre rastreamento, entre em contato conosco para obter mais detalhes.<\/p>\n<p class=\"translation-block\"><strong>Atrasos no envio<\/strong> : Embora fa\u00e7amos todos os esfor\u00e7os para cumprir os prazos de entrega estimados, fatores externos, como condi\u00e7\u00f5es clim\u00e1ticas, feriados ou problemas log\u00edsticos fora do nosso controle, podem causar atrasos. Se a sua encomenda atrasar, iremos inform\u00e1-lo imediatamente e faremos o nosso melhor para resolver qualquer inconveniente.<\/p>\n<p>&nbsp;<\/p>\n<hr>\n<h4><strong>&nbsp;<\/strong><\/h4>\n<h4><strong>Devolu\u00e7\u00f5es<\/strong><\/h4>\n<p class=\"translation-block\">Nos preocupamos que voc\u00ea esteja totalmente satisfeito com sua compra no <strong>Xolo Design Estudio<\/strong> . No entanto, compreendemos que possam surgir inconvenientes, pelo que aceitamos devolu\u00e7\u00f5es nas seguintes condi\u00e7\u00f5es:<\/p>\n<p><strong>Condi\u00e7\u00f5es de devolu\u00e7\u00e3o<\/strong>:<\/p>\n<ul>\n<li>As devolu\u00e7\u00f5es devem ser solicitadas no prazo de 14 dias \u00fateis ap\u00f3s o recebimento do pedido.<\/li>\n<li>O produto deve estar em seu estado original, sem uso ou danificado, e deve incluir a embalagem original.<\/li>\n<li>Alguns produtos, como produtos personalizados ou feitos sob medida, n\u00e3o s\u00e3o eleg\u00edveis para devolu\u00e7\u00e3o, exceto em caso de defeitos de fabrica\u00e7\u00e3o.<br><br><\/li>\n<\/ul>\n<div><\/div>\n<p><strong>Processo de devolu\u00e7\u00e3o<\/strong>:<\/p>\n<ol>\n<li class=\"translation-block\"><strong>Solicitar uma devolu\u00e7\u00e3o<\/strong> : Envie-nos um e-mail para [e-mail de contato] indicando o n\u00famero do seu pedido e o motivo da devolu\u00e7\u00e3o. Voc\u00ea tamb\u00e9m pode ligar para [n\u00famero de contato] para falar com nossa equipe de atendimento ao cliente.<\/li>\n<li class=\"translation-block\"><strong>Aprova\u00e7\u00e3o da devolu\u00e7\u00e3o<\/strong> : Assim que recebermos o seu pedido, confirmaremos se a devolu\u00e7\u00e3o foi aprovada e fornecer-lhe-emos uma etiqueta de envio ou as instru\u00e7\u00f5es correspondentes para devolver o produto.<\/li>\n<li class=\"translation-block\"><strong>Frete de devolu\u00e7\u00e3o<\/strong> : Voc\u00ea deve enviar o produto em sua embalagem original para o endere\u00e7o que lhe fornecermos. Os custos de envio da devolu\u00e7\u00e3o s\u00e3o da responsabilidade do cliente, exceto nos casos em que o produto apresente defeito ou tenha recebido um artigo incorreto.<\/li>\n<\/ol>\n<div><\/div>\n<p><strong>Reembolsos<\/strong>:<\/p>\n<ul>\n<li>Assim que recebermos e verificarmos o produto devolvido, processaremos seu reembolso dentro de 7 a 10 dias \u00fateis.<\/li>\n<li>O reembolso ser\u00e1 emitido atrav\u00e9s do m\u00e9todo de pagamento original utilizado na compra.<\/li>\n<li>Os custos de envio n\u00e3o s\u00e3o reembols\u00e1veis, a menos que a devolu\u00e7\u00e3o se deva a um erro da nossa parte (produto incorreto ou defeituoso).<br><br><\/li>\n<\/ul>\n<div><\/div>\n<p class=\"translation-block\"><strong>Trocas<\/strong> : Caso pretenda trocar um produto por outro, dever\u00e1 primeiro devolver o artigo recebido seguindo o processo descrito e, posteriormente, efetuar uma nova compra do produto pretendido.<\/p>\n<p>&nbsp;<\/p>\n<hr>\n<h4><strong>&nbsp;<\/strong><\/h4>\n<h4><strong>Produtos danificados ou com defeito<\/strong><\/h4>\n<p class=\"translation-block\">No <strong>Xolo Design Estudio<\/strong> , nos esfor\u00e7amos para oferecer produtos da mais alta qualidade. Se, apesar dos nossos esfor\u00e7os, voc\u00ea receber um produto danificado ou com defeito, entre em contato conosco imediatamente em [e-mail de contato] para resolver a situa\u00e7\u00e3o de forma r\u00e1pida e eficiente. Temos o compromisso de lhe oferecer uma solu\u00e7\u00e3o, seja atrav\u00e9s da substitui\u00e7\u00e3o do produto ou do reembolso total, dependendo da situa\u00e7\u00e3o.<\/p>\n<p>&nbsp;<\/p>\n<hr>\n<p>&nbsp;<\/p>\n<p>Para qualquer d\u00favida ou esclarecimento sobre a nossa pol\u00edtica de envios e devolu\u00e7\u00f5es, n\u00e3o hesite em contactar-nos em&nbsp;<a href=\"mailto:info@xolodesignestudio.com\" target=\"_blank\" rel=\"noopener\">info@xolodesignestudio.com&nbsp;<\/a>ou para&nbsp;<a href=\"tel:+52 55 4885 7010\" target=\"_blank\" rel=\"noopener\">+52 55 4885 7010<\/a>. Estamos aqui para ajud\u00e1-lo e garantir que sua experi\u00eancia com <strong>Est\u00fadio Xolo Design<\/strong> seja excepcional.<\/p>\t\t\t\t\t\t\t\t<\/div>\n\t\t\t\t<\/div>\n\t\t\t\t\t<\/div>\n\t\t\t\t<\/div>\n\t\t\t\t<\/div>","protected":false},"excerpt":{"rendered":"<p>Pol\u00edtica de Env\u00edos y Devoluciones Env\u00edos En Xolo Design Estudio, nos aseguramos de que tu compra llegue de manera segura y en el tiempo estimado. A continuaci\u00f3n, te explicamos con detalle el proceso de env\u00edo: Procesamiento de pedidos: Una vez que realices tu compra, comenzaremos a procesar tu pedido. El tiempo de procesamiento es de [&hellip;]<\/p>","protected":false},"author":1,"featured_media":0,"parent":0,"menu_order":0,"comment_status":"closed","ping_status":"closed","template":"","meta":{"footnotes":""},"class_list":["post-50","page","type-page","status-publish","hentry"],"_links":{"self":[{"href":"https:\/\/xolodesignestudio.com\/pt\/wp-json\/wp\/v2\/pages\/50","targetHints":{"allow":["GET"]}}],"collection":[{"href":"https:\/\/xolodesignestudio.com\/pt\/wp-json\/wp\/v2\/pages"}],"about":[{"href":"https:\/\/xolodesignestudio.com\/pt\/wp-json\/wp\/v2\/types\/page"}],"author":[{"embeddable":true,"href":"https:\/\/xolodesignestudio.com\/pt\/wp-json\/wp\/v2\/users\/1"}],"replies":[{"embeddable":true,"href":"https:\/\/xolodesignestudio.com\/pt\/wp-json\/wp\/v2\/comments?post=50"}],"version-history":[{"count":31,"href":"https:\/\/xolodesignestudio.com\/pt\/wp-json\/wp\/v2\/pages\/50\/revisions"}],"predecessor-version":[{"id":2222,"href":"https:\/\/xolodesignestudio.com\/pt\/wp-json\/wp\/v2\/pages\/50\/revisions\/2222"}],"wp:attachment":[{"href":"https:\/\/xolodesignestudio.com\/pt\/wp-json\/wp\/v2\/media?parent=50"}],"curies":[{"name":"wp","href":"https:\/\/api.w.org\/{rel}","templated":true}]}}