{"id":610,"date":"2024-09-25T17:02:05","date_gmt":"2024-09-25T17:02:05","guid":{"rendered":"https:\/\/xolodesignestudio.com\/?page_id=610"},"modified":"2024-10-16T08:33:34","modified_gmt":"2024-10-16T14:33:34","slug":"nosotros","status":"publish","type":"page","link":"https:\/\/xolodesignestudio.com\/pt\/nosotros\/","title":{"rendered":"N\u00f3s"},"content":{"rendered":"<div data-elementor-type=\"wp-page\" data-elementor-id=\"610\" class=\"elementor elementor-610\" data-elementor-post-type=\"page\">\n\t\t\t\t<div class=\"elementor-element elementor-element-1ceee6e e-con-full e-flex e-con e-parent\" data-id=\"1ceee6e\" data-element_type=\"container\" data-settings=\"{&quot;background_background&quot;:&quot;gradient&quot;}\">\n\t\t<div class=\"elementor-element elementor-element-42f56f3 e-con-full e-flex elementor-invisible e-con e-child\" data-id=\"42f56f3\" data-element_type=\"container\" data-settings=\"{&quot;animation&quot;:&quot;fadeInUp&quot;}\">\n\t\t\t\t<div class=\"elementor-element elementor-element-f9ff414 elementor-widget elementor-widget-heading\" data-id=\"f9ff414\" data-element_type=\"widget\" data-widget_type=\"heading.default\">\n\t\t\t\t<div class=\"elementor-widget-container\">\n\t\t\t\t\t<h1 class=\"elementor-heading-title elementor-size-default\">Sobre n\u00f3s\n<\/h1>\t\t\t\t<\/div>\n\t\t\t\t<\/div>\n\t\t\t\t<div class=\"elementor-element elementor-element-2503b73 elementor-widget elementor-widget-text-editor\" data-id=\"2503b73\" data-element_type=\"widget\" data-widget_type=\"text-editor.default\">\n\t\t\t\t<div class=\"elementor-widget-container\">\n\t\t\t\t\t\t\t\t\t<p>No Xolo Design Estudio acreditamos firmemente na fideliza\u00e7\u00e3o dos nossos clientes. Nossa miss\u00e3o \u00e9 oferecer qualidade em cada um de nossos projetos, criando uma estrat\u00e9gia que promova a sinergia entre o cliente e o fornecedor. Somos especializados na adapta\u00e7\u00e3o e personaliza\u00e7\u00e3o de m\u00f3veis, pois cada cliente \u00e9 especial e \u00fanico para n\u00f3s.<\/p><p>Reunimos a nossa mais alta gama de designs para dar um toque diferenciado a cada projeto. Apostamos no cuidado minucioso dos materiais, acabamentos, cores e texturas, garantindo que cada projeto reflete as caracter\u00edsticas de personaliza\u00e7\u00e3o que deseja. O seu espa\u00e7o se tornar\u00e1 o lugar com significado e ess\u00eancia que voc\u00ea sempre imaginou, tudo gra\u00e7as \u00e0 confian\u00e7a que voc\u00ea nos deposita.<\/p><p>A nossa aten\u00e7\u00e3o centra-se em cinco pilares fundamentais: conforto, fun\u00e7\u00e3o, design, qualidade e pre\u00e7o. Cada um destes elementos \u00e9 estrat\u00e9gico e est\u00e1 integrado no ADN de cada projeto que realizamos. Valorizamos profundamente a confian\u00e7a que voc\u00ea deposita em n\u00f3s para criar um espa\u00e7o que ser\u00e1 um tesouro para voc\u00ea e seus entes queridos.<\/p><p>Compartilhamos nossos valores de atendimento, pontualidade, respeito e criatividade em todos os cantos da sua casa. Como cliente, voc\u00ea tem a palavra final e estamos aqui para ajud\u00e1-lo em cada etapa do processo.<\/p>\t\t\t\t\t\t\t\t<\/div>\n\t\t\t\t<\/div>\n\t\t\t\t<\/div>\n\t\t\t\t<div class=\"elementor-element elementor-element-88e68ca elementor-widget__width-initial elementor-widget-tablet__width-inherit elementor-invisible elementor-widget elementor-widget-image\" data-id=\"88e68ca\" data-element_type=\"widget\" data-settings=\"{&quot;_animation&quot;:&quot;fadeInUp&quot;,&quot;_animation_delay&quot;:250}\" data-widget_type=\"image.default\">\n\t\t\t\t<div class=\"elementor-widget-container\">\n\t\t\t\t\t\t\t\t\t\t\t\t\t\t\t<img fetchpriority=\"high\" decoding=\"async\" width=\"800\" height=\"534\" src=\"https:\/\/xolodesignestudio.com\/wp-content\/uploads\/2024\/10\/EHV9148-1024x683.jpg\" class=\"attachment-large size-large wp-image-1856\" alt=\"\" srcset=\"https:\/\/xolodesignestudio.com\/wp-content\/uploads\/2024\/10\/EHV9148-1024x683.jpg 1024w, https:\/\/xolodesignestudio.com\/wp-content\/uploads\/2024\/10\/EHV9148-300x200.jpg 300w, https:\/\/xolodesignestudio.com\/wp-content\/uploads\/2024\/10\/EHV9148-768x512.jpg 768w, https:\/\/xolodesignestudio.com\/wp-content\/uploads\/2024\/10\/EHV9148-18x12.jpg 18w, https:\/\/xolodesignestudio.com\/wp-content\/uploads\/2024\/10\/EHV9148-600x400.jpg 600w, https:\/\/xolodesignestudio.com\/wp-content\/uploads\/2024\/10\/EHV9148.jpg 1161w\" sizes=\"(max-width: 800px) 100vw, 800px\" \/>\t\t\t\t\t\t\t\t\t\t\t\t\t\t\t<\/div>\n\t\t\t\t<\/div>\n\t\t\t\t<\/div>\n\t\t<div class=\"elementor-element elementor-element-83a8520 e-con-full e-flex e-con e-parent\" data-id=\"83a8520\" data-element_type=\"container\" data-settings=\"{&quot;background_background&quot;:&quot;classic&quot;}\">\n\t\t\t\t<div class=\"elementor-element elementor-element-f8083cb elementor-widget-divider--view-line elementor-widget elementor-widget-divider\" data-id=\"f8083cb\" data-element_type=\"widget\" data-widget_type=\"divider.default\">\n\t\t\t\t<div class=\"elementor-widget-container\">\n\t\t\t\t\t\t\t<div class=\"elementor-divider\">\n\t\t\t<span class=\"elementor-divider-separator\">\n\t\t\t\t\t\t<\/span>\n\t\t<\/div>\n\t\t\t\t\t\t<\/div>\n\t\t\t\t<\/div>\n\t\t\t\t<\/div>\n\t\t<div class=\"elementor-element elementor-element-8a6e638 e-con-full e-flex e-con e-parent\" data-id=\"8a6e638\" data-element_type=\"container\" data-settings=\"{&quot;background_background&quot;:&quot;classic&quot;}\">\n\t\t\t\t<div class=\"elementor-element elementor-element-809d6d9 elementor-widget__width-initial elementor-widget-tablet__width-inherit elementor-invisible elementor-widget elementor-widget-image\" data-id=\"809d6d9\" data-element_type=\"widget\" data-settings=\"{&quot;_animation&quot;:&quot;fadeInUp&quot;,&quot;_animation_delay&quot;:250}\" data-widget_type=\"image.default\">\n\t\t\t\t<div class=\"elementor-widget-container\">\n\t\t\t\t\t\t\t\t\t\t\t\t\t\t\t<img decoding=\"async\" width=\"800\" height=\"534\" src=\"https:\/\/xolodesignestudio.com\/wp-content\/uploads\/2024\/10\/EHV9166-1024x683.jpg\" class=\"attachment-large size-large wp-image-1862\" alt=\"\" srcset=\"https:\/\/xolodesignestudio.com\/wp-content\/uploads\/2024\/10\/EHV9166-1024x683.jpg 1024w, https:\/\/xolodesignestudio.com\/wp-content\/uploads\/2024\/10\/EHV9166-300x200.jpg 300w, https:\/\/xolodesignestudio.com\/wp-content\/uploads\/2024\/10\/EHV9166-768x512.jpg 768w, https:\/\/xolodesignestudio.com\/wp-content\/uploads\/2024\/10\/EHV9166-18x12.jpg 18w, https:\/\/xolodesignestudio.com\/wp-content\/uploads\/2024\/10\/EHV9166-600x400.jpg 600w, https:\/\/xolodesignestudio.com\/wp-content\/uploads\/2024\/10\/EHV9166.jpg 1161w\" sizes=\"(max-width: 800px) 100vw, 800px\" \/>\t\t\t\t\t\t\t\t\t\t\t\t\t\t\t<\/div>\n\t\t\t\t<\/div>\n\t\t<div class=\"elementor-element elementor-element-4901848 e-con-full e-flex elementor-invisible e-con e-child\" data-id=\"4901848\" data-element_type=\"container\" data-settings=\"{&quot;animation&quot;:&quot;fadeInUp&quot;}\">\n\t\t\t\t<div class=\"elementor-element elementor-element-a06340d elementor-widget elementor-widget-heading\" data-id=\"a06340d\" data-element_type=\"widget\" data-widget_type=\"heading.default\">\n\t\t\t\t<div class=\"elementor-widget-container\">\n\t\t\t\t\t<h1 class=\"elementor-heading-title elementor-size-default\">Nossos servi\u00e7os<\/h1>\t\t\t\t<\/div>\n\t\t\t\t<\/div>\n\t\t\t\t<div class=\"elementor-element elementor-element-4722a95 elementor-widget elementor-widget-text-editor\" data-id=\"4722a95\" data-element_type=\"widget\" data-widget_type=\"text-editor.default\">\n\t\t\t\t<div class=\"elementor-widget-container\">\n\t\t\t\t\t\t\t\t\t<strong>Prospectando seu novo espa\u00e7o<\/strong>: Geramos ideias para criar uma proposta de design que atenda \u00e0s suas necessidades e desejos.<\/br><\/br>\n<strong>Fabricando seus m\u00f3veis<\/strong>: Estamos comprometidos em seguir os designs que voc\u00ea autoriza.<\/br><\/br>\n<strong>Servi\u00e7o de montagem abrangente:<\/strong> Assumimos a responsabilidade por todo o processo do in\u00edcio ao fim. Coordenamos a instala\u00e7\u00e3o do seu projeto, gerenciamos toda a log\u00edstica de transporte e envio at\u00e9 a cidade de destino e garantimos que tudo seja feito com efici\u00eancia e dentro do prazo. Nosso compromisso \u00e9 entregar um servi\u00e7o \u201cchave na m\u00e3o\u201d, o que significa que voc\u00ea receber\u00e1 seu projeto totalmente finalizado e pronto para uso, sem se preocupar com detalhes operacionais ou de montagem.<\/br><\/br>\n\n<strong>Criamos o seu design, fabricamos as suas pe\u00e7as, complementamos com acess\u00f3rios decorativos e montamos o seu projeto, dando-lhe aquele toque intimista que o tornar\u00e1 verdadeiramente seu.<\/strong>\t\t\t\t\t\t\t\t<\/div>\n\t\t\t\t<\/div>\n\t\t\t\t<div class=\"elementor-element elementor-element-38eb3d4 elementor-align-center shadow-button elementor-widget elementor-widget-button\" data-id=\"38eb3d4\" data-element_type=\"widget\" data-settings=\"{&quot;_animation_mobile&quot;:&quot;fadeInUp&quot;}\" data-widget_type=\"button.default\">\n\t\t\t\t<div class=\"elementor-widget-container\">\n\t\t\t\t\t\t\t\t\t<div class=\"elementor-button-wrapper\">\n\t\t\t\t\t<a class=\"elementor-button elementor-button-link elementor-size-sm\" href=\"https:\/\/xolodesignestudio.com\/pt\/contacto\/\">\n\t\t\t\t\t\t<span class=\"elementor-button-content-wrapper\">\n\t\t\t\t\t\t\t\t\t<span class=\"elementor-button-text\">Contate-nos<\/span>\n\t\t\t\t\t<\/span>\n\t\t\t\t\t<\/a>\n\t\t\t\t<\/div>\n\t\t\t\t\t\t\t\t<\/div>\n\t\t\t\t<\/div>\n\t\t\t\t<\/div>\n\t\t\t\t<\/div>\n\t\t\t\t<\/div>","protected":false},"excerpt":{"rendered":"<p>Sobre Nosotros En Xolo Design Estudio, creemos firmemente en la lealtad hacia nuestros clientes. Nuestra misi\u00f3n es ofrecer calidad en cada uno de nuestros dise\u00f1os, creando una estrategia que fomente una sinergia entre el cliente y el proveedor. Nos especializamos en la adaptaci\u00f3n y customizaci\u00f3n de muebles, porque cada cliente es especial y \u00fanico para [&hellip;]<\/p>","protected":false},"author":1,"featured_media":0,"parent":0,"menu_order":0,"comment_status":"closed","ping_status":"closed","template":"","meta":{"footnotes":""},"class_list":["post-610","page","type-page","status-publish","hentry"],"_links":{"self":[{"href":"https:\/\/xolodesignestudio.com\/pt\/wp-json\/wp\/v2\/pages\/610","targetHints":{"allow":["GET"]}}],"collection":[{"href":"https:\/\/xolodesignestudio.com\/pt\/wp-json\/wp\/v2\/pages"}],"about":[{"href":"https:\/\/xolodesignestudio.com\/pt\/wp-json\/wp\/v2\/types\/page"}],"author":[{"embeddable":true,"href":"https:\/\/xolodesignestudio.com\/pt\/wp-json\/wp\/v2\/users\/1"}],"replies":[{"embeddable":true,"href":"https:\/\/xolodesignestudio.com\/pt\/wp-json\/wp\/v2\/comments?post=610"}],"version-history":[{"count":82,"href":"https:\/\/xolodesignestudio.com\/pt\/wp-json\/wp\/v2\/pages\/610\/revisions"}],"predecessor-version":[{"id":2118,"href":"https:\/\/xolodesignestudio.com\/pt\/wp-json\/wp\/v2\/pages\/610\/revisions\/2118"}],"wp:attachment":[{"href":"https:\/\/xolodesignestudio.com\/pt\/wp-json\/wp\/v2\/media?parent=610"}],"curies":[{"name":"wp","href":"https:\/\/api.w.org\/{rel}","templated":true}]}}